{"id":8145,"date":"2025-10-22T11:29:06","date_gmt":"2025-10-22T09:29:06","guid":{"rendered":"https:\/\/medusoil.com\/karriere\/manager-fuer-marktentwicklung-medusoil\/"},"modified":"2026-04-08T12:40:51","modified_gmt":"2026-04-08T10:40:51","slug":"manager-fuer-marktentwicklung-medusoil","status":"publish","type":"page","link":"https:\/\/medusoil.com\/de\/karriere\/manager-fuer-marktentwicklung-medusoil\/","title":{"rendered":"Manager f\u00fcr Marktentwicklung &#8211; Medusoil"},"content":{"rendered":"\t\t<div data-elementor-type=\"wp-page\" data-elementor-id=\"8145\" class=\"elementor elementor-8145 elementor-8093\" data-elementor-post-type=\"page\">\n\t\t\t\t<div class=\"elementor-element elementor-element-2c07308 e-flex e-con-boxed e-con e-parent\" data-id=\"2c07308\" data-element_type=\"container\" data-e-type=\"container\">\n\t\t\t\t\t<div class=\"e-con-inner\">\n\t\t<div class=\"elementor-element elementor-element-be4f331 e-con-full e-flex e-con e-child\" data-id=\"be4f331\" data-element_type=\"container\" data-e-type=\"container\">\n\t\t\t\t<div class=\"elementor-element elementor-element-49a0222 elementor-view-default elementor-widget elementor-widget-icon\" data-id=\"49a0222\" data-element_type=\"widget\" data-e-type=\"widget\" data-widget_type=\"icon.default\">\n\t\t\t\t<div class=\"elementor-widget-container\">\n\t\t\t\t\t\t\t<div class=\"elementor-icon-wrapper\">\n\t\t\t<div class=\"elementor-icon\">\n\t\t\t<svg aria-hidden=\"true\" class=\"e-font-icon-svg e-fas-chevron-left\" viewBox=\"0 0 320 512\" xmlns=\"http:\/\/www.w3.org\/2000\/svg\"><path d=\"M34.52 239.03L228.87 44.69c9.37-9.37 24.57-9.37 33.94 0l22.67 22.67c9.36 9.36 9.37 24.52.04 33.9L131.49 256l154.02 154.75c9.34 9.38 9.32 24.54-.04 33.9l-22.67 22.67c-9.37 9.37-24.57 9.37-33.94 0L34.52 272.97c-9.37-9.37-9.37-24.57 0-33.94z\"><\/path><\/svg>\t\t\t<\/div>\n\t\t<\/div>\n\t\t\t\t\t\t<\/div>\n\t\t\t\t<\/div>\n\t\t\t\t<div class=\"elementor-element elementor-element-a301f8e elementor-widget elementor-widget-text-editor\" data-id=\"a301f8e\" data-element_type=\"widget\" data-e-type=\"widget\" data-widget_type=\"text-editor.default\">\n\t\t\t\t<div class=\"elementor-widget-container\">\n\t\t\t\t\t\t\t\t\t<p><a href=\"https:\/\/medusoil.com\/de\/karriere\/\">Zur\u00fcck zur Karriereseite<\/a><\/p>\t\t\t\t\t\t\t\t<\/div>\n\t\t\t\t<\/div>\n\t\t\t\t<\/div>\n\t\t\t\t<div class=\"elementor-element elementor-element-156f995 elementor-widget elementor-widget-heading\" data-id=\"156f995\" data-element_type=\"widget\" data-e-type=\"widget\" data-widget_type=\"heading.default\">\n\t\t\t\t<div class=\"elementor-widget-container\">\n\t\t\t\t\t<h1 class=\"elementor-heading-title elementor-size-default\">Marktentwicklung - DACH &amp; Benelux | Materialien f\u00fcr geotechnische und spezielle Gr\u00fcndungsprojekte<\/h1>\t\t\t\t<\/div>\n\t\t\t\t<\/div>\n\t\t\t\t<div class=\"elementor-element elementor-element-5419d0c elementor-widget elementor-widget-text-editor\" data-id=\"5419d0c\" data-element_type=\"widget\" data-e-type=\"widget\" data-widget_type=\"text-editor.default\">\n\t\t\t\t<div class=\"elementor-widget-container\">\n\t\t\t\t\t\t\t\t\t<section>\n  <p><em>Medusoil aus der Schweiz: Innovative Bindemittel f\u00fcr geotechnische, geo\u00f6kologische und spezielle Gr\u00fcndungsprojekte<\/em><\/p>\n\n  <p>Medusoil expandiert in der DACH- und Benelux-Region und sucht einen\n <strong>Market Development Manager<\/strong>, der das Wachstum in technischen, regulierungsgetriebenen M\u00e4rkten vorantreibt.\n Dieses Mandat beinhaltet ein spezielles Budget f\u00fcr die Einstellung lokaler Marketing- oder Vertragsmanagement-Kollegen\n, um unsere regionale Pr\u00e4senz zu st\u00e4rken.<\/p>\n\n  <h3>Ihre wichtigsten Aufgaben<\/h3>\n  <ul>\n    <li>F\u00fchren Sie eine gr\u00fcndliche <strong>Marktanalyse und -kartierung<\/strong> durch, einschlie\u00dflich der Lieferanten von Bohr- und Injektionssystemen, sowie ein Benchmarking der Konkurrenz.<\/li>\n    <li>Sprechen Sie mit <strong>Kunden, wichtigen Meinungsf\u00fchrern und lokalen Beh\u00f6rden<\/strong>, die f\u00fcr Umweltschutz, \u00f6ffentliche Arbeiten und Ausschreibungen zust\u00e4ndig sind.<\/li>\n    <li>Unterst\u00fctzen Sie die <strong>Beschaffung und die Lieferkette<\/strong>, um die Wettbewerbsf\u00e4higkeit und Zuverl\u00e4ssigkeit unserer Bindemittell\u00f6sungen zu gew\u00e4hrleisten.<\/li>\n    <li>F\u00fchren Sie <strong>kundenorientierte Meetings<\/strong> mit Agilit\u00e4t und dem Fokus auf Wertsch\u00f6pfung.<\/li>\n    <li>Verwalten Sie <strong>rechtliche und vertragliche Rahmenbedingungen<\/strong> in \u00dcbereinstimmung mit den regionalen Anforderungen.<\/li>\n    <li>Treiben Sie den <strong>Aufbau lokaler Teams<\/strong> voran und stellen Sie Ressourcen und Budget f\u00fcr Marketing und Vertragsmanagement zur Verf\u00fcgung.<\/li>\n  <\/ul>\n\n  <h3>Was wir anbieten<\/h3>\n  <ul>\n    <li>Eine Chance, die <strong>nachhaltigen Bindemitteltechnologien aus der Schweiz<\/strong> zu erweitern, die sich bei geotechnischen, geo\u00f6kologischen und speziellen Gr\u00fcndungsprojekten bew\u00e4hrt haben.<\/li>\n    <li>Die M\u00f6glichkeit, in einem wachstumsorientierten Umfeld <strong>strategischen Weitblick mit operativer Umsetzung<\/strong> zu verbinden.<\/li>\n    <li>Zusammenarbeit mit einem dynamischen Team, das sich f\u00fcr Innovation, Nachhaltigkeit und Wirkung einsetzt.<\/li>\n  <\/ul>\n\n  <p>Wenn Sie agil, kundenorientiert und motiviert sind, die Zukunft nachhaltiger Materialien in der Geotechnik zu gestalten, w\u00fcrden wir uns freuen, von Ihnen zu h\u00f6ren.<\/p>\n<\/section>\n\t\t\t\t\t\t\t\t<\/div>\n\t\t\t\t<\/div>\n\t\t<div class=\"elementor-element elementor-element-87804bb e-con-full e-flex e-con e-child\" data-id=\"87804bb\" data-element_type=\"container\" data-e-type=\"container\">\n\t\t<div class=\"elementor-element elementor-element-ad61f73 e-con-full e-flex e-con e-child\" data-id=\"ad61f73\" data-element_type=\"container\" data-e-type=\"container\">\n\t\t\t\t<div class=\"elementor-element elementor-element-52b09ef elementor-widget elementor-widget-heading\" data-id=\"52b09ef\" data-element_type=\"widget\" data-e-type=\"widget\" data-widget_type=\"heading.default\">\n\t\t\t\t<div class=\"elementor-widget-container\">\n\t\t\t\t\t<h2 class=\"elementor-heading-title elementor-size-default\">Interessiert?  <\/h2>\t\t\t\t<\/div>\n\t\t\t\t<\/div>\n\t\t\t\t<div class=\"elementor-element elementor-element-52f0535 elementor-widget elementor-widget-heading\" data-id=\"52f0535\" data-element_type=\"widget\" data-e-type=\"widget\" data-widget_type=\"heading.default\">\n\t\t\t\t<div class=\"elementor-widget-container\">\n\t\t\t\t\t<h2 class=\"elementor-heading-title elementor-size-default\">Kommen Sie zu uns als Spezialist f\u00fcr Marktentwicklung<\/h2>\t\t\t\t<\/div>\n\t\t\t\t<\/div>\n\t\t\t\t<\/div>\n\t\t<div class=\"elementor-element elementor-element-1d87123 e-con-full e-flex e-con e-child\" data-id=\"1d87123\" data-element_type=\"container\" data-e-type=\"container\">\n\t\t\t\t<div class=\"elementor-element elementor-element-c2c4e91 elementor-button-align-center elementor-widget elementor-widget-form\" data-id=\"c2c4e91\" data-element_type=\"widget\" data-e-type=\"widget\" data-settings=\"{&quot;step_next_label&quot;:&quot;Suivant&quot;,&quot;step_previous_label&quot;:&quot;Vorherige&quot;,&quot;button_width&quot;:&quot;100&quot;,&quot;step_type&quot;:&quot;number_text&quot;,&quot;step_icon_shape&quot;:&quot;circle&quot;}\" data-widget_type=\"form.default\">\n\t\t\t\t<div class=\"elementor-widget-container\">\n\t\t\t\t\t\t\t<form class=\"elementor-form\" method=\"post\" name=\"Spezialist f\u00fcr Marktentwicklung\">\n\t\t\t<input type=\"hidden\" name=\"post_id\" value=\"8145\"\/>\n\t\t\t<input type=\"hidden\" name=\"form_id\" value=\"c2c4e91\"\/>\n\t\t\t<input type=\"hidden\" name=\"referer_title\" value=\"\" \/>\n\n\t\t\t\n\t\t\t<div class=\"elementor-form-fields-wrapper elementor-labels-above\">\n\t\t\t\t\t\t\t\t<div class=\"elementor-field-type-text elementor-field-group elementor-column elementor-field-group-field_a6f592a elementor-col-100\">\n\t\t\t\t\t\t\t\t\t\t\t\t<label for=\"form-field-field_a6f592a\" class=\"elementor-field-label\">\n\t\t\t\t\t\t\t\tVorname\t\t\t\t\t\t\t<\/label>\n\t\t\t\t\t\t\t\t\t\t\t\t\t\t<input size=\"1\" type=\"text\" name=\"form_fields[field_a6f592a]\" id=\"form-field-field_a6f592a\" class=\"elementor-field elementor-size-sm  elementor-field-textual\" placeholder=\"Vorname\">\n\t\t\t\t\t\t\t\t\t\t\t<\/div>\n\t\t\t\t\t\t\t\t<div class=\"elementor-field-type-text elementor-field-group elementor-column elementor-field-group-name elementor-col-100 elementor-field-required\">\n\t\t\t\t\t\t\t\t\t\t\t\t<label for=\"form-field-name\" class=\"elementor-field-label\">\n\t\t\t\t\t\t\t\tNachname\t\t\t\t\t\t\t<\/label>\n\t\t\t\t\t\t\t\t\t\t\t\t\t\t<input size=\"1\" type=\"text\" name=\"form_fields[name]\" id=\"form-field-name\" class=\"elementor-field elementor-size-sm  elementor-field-textual\" placeholder=\"Nachname\" required=\"required\" aria-required=\"true\">\n\t\t\t\t\t\t\t\t\t\t\t<\/div>\n\t\t\t\t\t\t\t\t<div class=\"elementor-field-type-email elementor-field-group elementor-column elementor-field-group-email elementor-col-100 elementor-field-required\">\n\t\t\t\t\t\t\t\t\t\t\t\t<label for=\"form-field-email\" class=\"elementor-field-label\">\n\t\t\t\t\t\t\t\tE-Mail Adresse\t\t\t\t\t\t\t<\/label>\n\t\t\t\t\t\t\t\t\t\t\t\t\t\t<input size=\"1\" type=\"email\" name=\"form_fields[email]\" id=\"form-field-email\" class=\"elementor-field elementor-size-sm  elementor-field-textual\" placeholder=\"E-Mail Adresse\" required=\"required\" aria-required=\"true\">\n\t\t\t\t\t\t\t\t\t\t\t<\/div>\n\t\t\t\t\t\t\t\t<div class=\"elementor-field-type-tel elementor-field-group elementor-column elementor-field-group-field_481896e elementor-col-100\">\n\t\t\t\t\t\t\t\t\t\t\t\t<label for=\"form-field-field_481896e\" class=\"elementor-field-label\">\n\t\t\t\t\t\t\t\tTelefon\t\t\t\t\t\t\t<\/label>\n\t\t\t\t\t\t\t\t<input size=\"1\" type=\"tel\" name=\"form_fields[field_481896e]\" id=\"form-field-field_481896e\" class=\"elementor-field elementor-size-sm  elementor-field-textual\" placeholder=\"Telefon\" pattern=\"[0-9()#&amp;+*-=.]+\" title=\"Nur Nummern oder Telefon-Zeichen (#, -, *, etc) werden akzeptiert.\">\n\n\t\t\t\t\t\t<\/div>\n\t\t\t\t\t\t\t\t<div class=\"elementor-field-type-upload elementor-field-group elementor-column elementor-field-group-field_2071fad elementor-col-100 elementor-field-required\">\n\t\t\t\t\t\t\t\t\t\t\t\t<label for=\"form-field-field_2071fad\" class=\"elementor-field-label\">\n\t\t\t\t\t\t\t\tCV\t\t\t\t\t\t\t<\/label>\n\t\t\t\t\t\t\t\t<input type=\"file\" name=\"form_fields[field_2071fad][]\" id=\"form-field-field_2071fad\" class=\"elementor-field elementor-size-sm  elementor-upload-field\" required=\"required\" aria-required=\"true\" multiple=\"multiple\">\n\n\t\t\t\t\t\t<\/div>\n\t\t\t\t\t\t\t\t<div class=\"elementor-field-group elementor-column elementor-field-type-submit elementor-col-100 e-form__buttons\">\n\t\t\t\t\t<button class=\"elementor-button elementor-size-sm\" type=\"submit\">\n\t\t\t\t\t\t<span class=\"elementor-button-content-wrapper\">\n\t\t\t\t\t\t\t\t\t\t\t\t\t\t\t\t\t\t\t\t\t\t<span class=\"elementor-button-text\">Senden Sie<\/span>\n\t\t\t\t\t\t\t\t\t\t\t\t\t<\/span>\n\t\t\t\t\t<\/button>\n\t\t\t\t<\/div>\n\t\t\t<\/div>\n\t\t<\/form>\n\t\t\t\t\t\t<\/div>\n\t\t\t\t<\/div>\n\t\t\t\t<\/div>\n\t\t\t\t<\/div>\n\t\t\t\t\t<\/div>\n\t\t\t\t<\/div>\n\t\t\t\t<\/div>\n\t\t","protected":false},"excerpt":{"rendered":"<p>Zur\u00fcck zur Karriereseite Marktentwicklung &#8211; DACH &amp; Benelux | Materialien f\u00fcr geotechnische und spezielle Gr\u00fcndungsprojekte Medusoil aus der Schweiz: Innovative Bindemittel f\u00fcr geotechnische, geo\u00f6kologische und spezielle Gr\u00fcndungsprojekte Medusoil expandiert in der DACH- und Benelux-Region und sucht einen Market Development Manager, der das Wachstum in technischen, regulierungsgetriebenen M\u00e4rkten vorantreibt. Dieses Mandat beinhaltet ein spezielles Budget f\u00fcr [&hellip;]<\/p>\n","protected":false},"author":5,"featured_media":0,"parent":5142,"menu_order":0,"comment_status":"closed","ping_status":"closed","template":"","meta":{"om_disable_all_campaigns":false,"inline_featured_image":false,"footnotes":""},"class_list":["post-8145","page","type-page","status-publish","hentry"],"_links":{"self":[{"href":"https:\/\/medusoil.com\/de\/wp-json\/wp\/v2\/pages\/8145","targetHints":{"allow":["GET"]}}],"collection":[{"href":"https:\/\/medusoil.com\/de\/wp-json\/wp\/v2\/pages"}],"about":[{"href":"https:\/\/medusoil.com\/de\/wp-json\/wp\/v2\/types\/page"}],"author":[{"embeddable":true,"href":"https:\/\/medusoil.com\/de\/wp-json\/wp\/v2\/users\/5"}],"replies":[{"embeddable":true,"href":"https:\/\/medusoil.com\/de\/wp-json\/wp\/v2\/comments?post=8145"}],"version-history":[{"count":2,"href":"https:\/\/medusoil.com\/de\/wp-json\/wp\/v2\/pages\/8145\/revisions"}],"predecessor-version":[{"id":8149,"href":"https:\/\/medusoil.com\/de\/wp-json\/wp\/v2\/pages\/8145\/revisions\/8149"}],"up":[{"embeddable":true,"href":"https:\/\/medusoil.com\/de\/wp-json\/wp\/v2\/pages\/5142"}],"wp:attachment":[{"href":"https:\/\/medusoil.com\/de\/wp-json\/wp\/v2\/media?parent=8145"}],"curies":[{"name":"wp","href":"https:\/\/api.w.org\/{rel}","templated":true}]}}