{"id":5131,"date":"2024-09-23T07:37:39","date_gmt":"2024-09-23T05:37:39","guid":{"rendered":"https:\/\/medusoil.com\/environnement\/"},"modified":"2026-04-01T15:50:43","modified_gmt":"2026-04-01T13:50:43","slug":"environnement","status":"publish","type":"page","link":"https:\/\/medusoil.com\/fr\/environnement\/","title":{"rendered":"Environnement"},"content":{"rendered":"\t\t<div data-elementor-type=\"wp-page\" data-elementor-id=\"5131\" class=\"elementor elementor-5131 elementor-1425\" data-elementor-post-type=\"page\">\n\t\t\t\t<div class=\"elementor-element elementor-element-15e2bad e-con-full elementor-hidden-mobile e-flex e-con e-parent\" data-id=\"15e2bad\" data-element_type=\"container\" data-e-type=\"container\">\n\t\t<div class=\"elementor-element elementor-element-9b863f5 e-con-full e-flex e-con e-child\" data-id=\"9b863f5\" data-element_type=\"container\" data-e-type=\"container\" data-settings=\"{&quot;background_background&quot;:&quot;classic&quot;}\">\n\t\t<div class=\"elementor-element elementor-element-a1acf7f e-con-full e-flex e-con e-child\" data-id=\"a1acf7f\" data-element_type=\"container\" data-e-type=\"container\">\n\t\t\t\t<div class=\"elementor-element elementor-element-c0c45ed elementor-widget elementor-widget-heading\" data-id=\"c0c45ed\" data-element_type=\"widget\" data-e-type=\"widget\" data-widget_type=\"heading.default\">\n\t\t\t\t<div class=\"elementor-widget-container\">\n\t\t\t\t\t<h1 class=\"elementor-heading-title elementor-size-default\">La nature est notre laboratoire<\/h1>\t\t\t\t<\/div>\n\t\t\t\t<\/div>\n\t\t\t\t<\/div>\n\t\t<div class=\"elementor-element elementor-element-627f0b1 e-con-full e-flex e-con e-child\" data-id=\"627f0b1\" data-element_type=\"container\" data-e-type=\"container\">\n\t\t\t\t<\/div>\n\t\t<div class=\"elementor-element elementor-element-b5de26c e-con-full e-flex e-con e-child\" data-id=\"b5de26c\" data-element_type=\"container\" data-e-type=\"container\">\n\t\t\t\t<div class=\"elementor-element elementor-element-eca0071 elementor-widget elementor-widget-text-editor\" data-id=\"eca0071\" data-element_type=\"widget\" data-e-type=\"widget\" data-widget_type=\"text-editor.default\">\n\t\t\t\t<div class=\"elementor-widget-container\">\n\t\t\t\t\t\t\t\t\t<p>Chez Medusoil, nous sommes profond\u00e9ment engag\u00e9s dans la promotion de pratiques de construction durables qui minimisent l&rsquo;impact sur l&rsquo;environnement. Nos produits et solutions innovants sont con\u00e7us pour s&rsquo;aligner sur les objectifs mondiaux de d\u00e9veloppement durable et r\u00e9duire l&#8217;empreinte \u00e9cologique des activit\u00e9s de construction. <\/p>\n\t\t\t\t\t\t\t\t<\/div>\n\t\t\t\t<\/div>\n\t\t\t\t<\/div>\n\t\t\t\t<\/div>\n\t\t\t\t<\/div>\n\t\t<div class=\"elementor-element elementor-element-77d7d5f elementor-hidden-desktop elementor-hidden-tablet e-flex e-con-boxed e-con e-parent\" data-id=\"77d7d5f\" data-element_type=\"container\" data-e-type=\"container\">\n\t\t\t\t\t<div class=\"e-con-inner\">\n\t\t\t\t<div class=\"elementor-element elementor-element-b922567 elementor-widget elementor-widget-heading\" data-id=\"b922567\" data-element_type=\"widget\" data-e-type=\"widget\" data-widget_type=\"heading.default\">\n\t\t\t\t<div class=\"elementor-widget-container\">\n\t\t\t\t\t<h1 class=\"elementor-heading-title elementor-size-default\">La nature est notre laboratoire<\/h1>\t\t\t\t<\/div>\n\t\t\t\t<\/div>\n\t\t\t\t<div class=\"elementor-element elementor-element-8fd40b1 elementor-widget elementor-widget-text-editor\" data-id=\"8fd40b1\" data-element_type=\"widget\" data-e-type=\"widget\" data-widget_type=\"text-editor.default\">\n\t\t\t\t<div class=\"elementor-widget-container\">\n\t\t\t\t\t\t\t\t\t<p>Chez Medusoil, nous sommes profond\u00e9ment engag\u00e9s dans la promotion de pratiques de construction durables qui minimisent l&rsquo;impact sur l&rsquo;environnement. Nos produits et solutions innovants sont con\u00e7us pour s&rsquo;aligner sur les objectifs mondiaux de d\u00e9veloppement durable et r\u00e9duire l&#8217;empreinte \u00e9cologique des activit\u00e9s de construction. <\/p>\n\t\t\t\t\t\t\t\t<\/div>\n\t\t\t\t<\/div>\n\t\t\t\t<div class=\"elementor-element elementor-element-269cb3b elementor-widget elementor-widget-image\" data-id=\"269cb3b\" data-element_type=\"widget\" data-e-type=\"widget\" data-widget_type=\"image.default\">\n\t\t\t\t<div class=\"elementor-widget-container\">\n\t\t\t\t\t\t\t\t\t\t\t\t\t\t\t<img fetchpriority=\"high\" decoding=\"async\" width=\"800\" height=\"409\" src=\"https:\/\/medusoil.com\/wp-content\/uploads\/2024\/08\/Rectangle-109-1024x523.png\" class=\"attachment-large size-large wp-image-4902\" alt=\"\" srcset=\"https:\/\/medusoil.com\/wp-content\/uploads\/2024\/08\/Rectangle-109-1024x523.png 1024w, https:\/\/medusoil.com\/wp-content\/uploads\/2024\/08\/Rectangle-109-300x153.png 300w, https:\/\/medusoil.com\/wp-content\/uploads\/2024\/08\/Rectangle-109-768x392.png 768w, https:\/\/medusoil.com\/wp-content\/uploads\/2024\/08\/Rectangle-109-1080x552.png 1080w, https:\/\/medusoil.com\/wp-content\/uploads\/2024\/08\/Rectangle-109-1280x654.png 1280w, https:\/\/medusoil.com\/wp-content\/uploads\/2024\/08\/Rectangle-109-980x501.png 980w, https:\/\/medusoil.com\/wp-content\/uploads\/2024\/08\/Rectangle-109-480x245.png 480w, https:\/\/medusoil.com\/wp-content\/uploads\/2024\/08\/Rectangle-109.png 1364w\" sizes=\"(max-width: 800px) 100vw, 800px\" \/>\t\t\t\t\t\t\t\t\t\t\t\t\t\t\t<\/div>\n\t\t\t\t<\/div>\n\t\t\t\t\t<\/div>\n\t\t\t\t<\/div>\n\t\t<div class=\"elementor-element elementor-element-8659c8d e-con-full e-flex e-con e-parent\" data-id=\"8659c8d\" data-element_type=\"container\" data-e-type=\"container\" data-settings=\"{&quot;background_background&quot;:&quot;classic&quot;}\">\n\t\t<div class=\"elementor-element elementor-element-b44034c e-con-full e-flex e-con e-child\" data-id=\"b44034c\" data-element_type=\"container\" data-e-type=\"container\" data-settings=\"{&quot;background_background&quot;:&quot;classic&quot;,&quot;sticky&quot;:&quot;top&quot;,&quot;sticky_offset&quot;:150,&quot;sticky_parent&quot;:&quot;yes&quot;,&quot;sticky_offset_tablet&quot;:100,&quot;sticky_offset_mobile&quot;:100,&quot;sticky_on&quot;:[&quot;desktop&quot;,&quot;tablet&quot;,&quot;mobile&quot;],&quot;sticky_effects_offset&quot;:0,&quot;sticky_anchor_link_offset&quot;:0}\">\n\t\t\t\t<div class=\"elementor-element elementor-element-f67d61d elementor-widget elementor-widget-heading\" data-id=\"f67d61d\" data-element_type=\"widget\" data-e-type=\"widget\" data-widget_type=\"heading.default\">\n\t\t\t\t<div class=\"elementor-widget-container\">\n\t\t\t\t\t<h2 class=\"elementor-heading-title elementor-size-default\">\u00c9cologiquement <br> plus respectueux <br> \u00e0 chaque \u00e9tape<\/h2>\t\t\t\t<\/div>\n\t\t\t\t<\/div>\n\t\t\t\t<div class=\"elementor-element elementor-element-11194b2 elementor-widget elementor-widget-spacer\" data-id=\"11194b2\" data-element_type=\"widget\" data-e-type=\"widget\" data-widget_type=\"spacer.default\">\n\t\t\t\t<div class=\"elementor-widget-container\">\n\t\t\t\t\t\t\t<div class=\"elementor-spacer\">\n\t\t\t<div class=\"elementor-spacer-inner\"><\/div>\n\t\t<\/div>\n\t\t\t\t\t\t<\/div>\n\t\t\t\t<\/div>\n\t\t\t\t<\/div>\n\t\t<div class=\"elementor-element elementor-element-cd82571 e-con-full e-flex e-con e-child\" data-id=\"cd82571\" data-element_type=\"container\" data-e-type=\"container\" data-settings=\"{&quot;background_background&quot;:&quot;classic&quot;,&quot;sticky&quot;:&quot;top&quot;,&quot;sticky_offset&quot;:200,&quot;sticky_parent&quot;:&quot;yes&quot;,&quot;sticky_offset_tablet&quot;:100,&quot;sticky_offset_mobile&quot;:100,&quot;sticky_on&quot;:[&quot;desktop&quot;,&quot;tablet&quot;,&quot;mobile&quot;],&quot;sticky_effects_offset&quot;:0,&quot;sticky_anchor_link_offset&quot;:0}\">\n\t\t\t\t<div class=\"elementor-element elementor-element-7d2c5f3 elementor-widget__width-initial elementor-widget-mobile__width-initial elementor-widget elementor-widget-text-editor\" data-id=\"7d2c5f3\" data-element_type=\"widget\" data-e-type=\"widget\" data-widget_type=\"text-editor.default\">\n\t\t\t\t<div class=\"elementor-widget-container\">\n\t\t\t\t\t\t\t\t\t<p>En \u00e9mulant un processus naturel, les mat\u00e9riaux utilis\u00e9s<br \/>dans notre biociment \u00e9mettent significativement\u00a0moins de CO2<br \/>que le coulis de ciment.<\/p>\t\t\t\t\t\t\t\t<\/div>\n\t\t\t\t<\/div>\n\t\t\t\t<div class=\"elementor-element elementor-element-8db17f9 elementor-widget elementor-widget-spacer\" data-id=\"8db17f9\" data-element_type=\"widget\" data-e-type=\"widget\" data-widget_type=\"spacer.default\">\n\t\t\t\t<div class=\"elementor-widget-container\">\n\t\t\t\t\t\t\t<div class=\"elementor-spacer\">\n\t\t\t<div class=\"elementor-spacer-inner\"><\/div>\n\t\t<\/div>\n\t\t\t\t\t\t<\/div>\n\t\t\t\t<\/div>\n\t\t\t\t<\/div>\n\t\t<div class=\"elementor-element elementor-element-7ca5b57 e-con-full e-flex e-con e-child\" data-id=\"7ca5b57\" data-element_type=\"container\" data-e-type=\"container\" data-settings=\"{&quot;background_background&quot;:&quot;classic&quot;,&quot;sticky&quot;:&quot;top&quot;,&quot;sticky_offset&quot;:250,&quot;sticky_parent&quot;:&quot;yes&quot;,&quot;sticky_offset_mobile&quot;:100,&quot;sticky_on&quot;:[&quot;desktop&quot;,&quot;tablet&quot;,&quot;mobile&quot;],&quot;sticky_effects_offset&quot;:0,&quot;sticky_anchor_link_offset&quot;:0}\">\n\t\t\t\t<div class=\"elementor-element elementor-element-ede0ee0 elementor-widget__width-initial elementor-widget-mobile__width-initial elementor-widget elementor-widget-text-editor\" data-id=\"ede0ee0\" data-element_type=\"widget\" data-e-type=\"widget\" data-widget_type=\"text-editor.default\">\n\t\t\t\t<div class=\"elementor-widget-container\">\n\t\t\t\t\t\t\t\t\t<p>Le m\u00e9lange sur place nous permet d&rsquo;\u00e9viter la quasi-totalit\u00e9 des \u00e9missions li\u00e9es au transport.<\/p>\n\t\t\t\t\t\t\t\t<\/div>\n\t\t\t\t<\/div>\n\t\t\t\t<div class=\"elementor-element elementor-element-a15e9fa elementor-widget elementor-widget-spacer\" data-id=\"a15e9fa\" data-element_type=\"widget\" data-e-type=\"widget\" data-widget_type=\"spacer.default\">\n\t\t\t\t<div class=\"elementor-widget-container\">\n\t\t\t\t\t\t\t<div class=\"elementor-spacer\">\n\t\t\t<div class=\"elementor-spacer-inner\"><\/div>\n\t\t<\/div>\n\t\t\t\t\t\t<\/div>\n\t\t\t\t<\/div>\n\t\t\t\t<\/div>\n\t\t<div class=\"elementor-element elementor-element-ce158c6 e-con-full e-flex e-con e-child\" data-id=\"ce158c6\" data-element_type=\"container\" data-e-type=\"container\" data-settings=\"{&quot;background_background&quot;:&quot;classic&quot;,&quot;sticky&quot;:&quot;top&quot;,&quot;sticky_offset&quot;:300,&quot;sticky_parent&quot;:&quot;yes&quot;,&quot;sticky_offset_mobile&quot;:100,&quot;sticky_on&quot;:[&quot;desktop&quot;,&quot;tablet&quot;,&quot;mobile&quot;],&quot;sticky_effects_offset&quot;:0,&quot;sticky_anchor_link_offset&quot;:0}\">\n\t\t\t\t<div class=\"elementor-element elementor-element-ea59d8e elementor-widget__width-initial elementor-widget elementor-widget-text-editor\" data-id=\"ea59d8e\" data-element_type=\"widget\" data-e-type=\"widget\" data-widget_type=\"text-editor.default\">\n\t\t\t\t<div class=\"elementor-widget-container\">\n\t\t\t\t\t\t\t\t\t<p>Notre liant est appliqu\u00e9 par forage non invasif et inject\u00e9 \u00e0 basse pression, ce qui r\u00e9duit consid\u00e9rablement l&rsquo;impact \u00e9cologique de l&rsquo;application.<\/p>\n\t\t\t\t\t\t\t\t<\/div>\n\t\t\t\t<\/div>\n\t\t\t\t<div class=\"elementor-element elementor-element-bcb601f elementor-widget elementor-widget-spacer\" data-id=\"bcb601f\" data-element_type=\"widget\" data-e-type=\"widget\" data-widget_type=\"spacer.default\">\n\t\t\t\t<div class=\"elementor-widget-container\">\n\t\t\t\t\t\t\t<div class=\"elementor-spacer\">\n\t\t\t<div class=\"elementor-spacer-inner\"><\/div>\n\t\t<\/div>\n\t\t\t\t\t\t<\/div>\n\t\t\t\t<\/div>\n\t\t\t\t<\/div>\n\t\t<div class=\"elementor-element elementor-element-0f18921 e-con-full e-flex e-con e-child\" data-id=\"0f18921\" data-element_type=\"container\" data-e-type=\"container\" data-settings=\"{&quot;background_background&quot;:&quot;classic&quot;,&quot;sticky&quot;:&quot;top&quot;,&quot;sticky_offset&quot;:40,&quot;sticky_parent&quot;:&quot;yes&quot;,&quot;sticky_offset_mobile&quot;:100,&quot;sticky_on&quot;:[&quot;desktop&quot;,&quot;tablet&quot;,&quot;mobile&quot;],&quot;sticky_effects_offset&quot;:0,&quot;sticky_anchor_link_offset&quot;:0}\">\n\t\t\t\t<div class=\"elementor-element elementor-element-5f1b2a7 elementor-widget__width-initial elementor-widget elementor-widget-text-editor\" data-id=\"5f1b2a7\" data-element_type=\"widget\" data-e-type=\"widget\" data-widget_type=\"text-editor.default\">\n\t\t\t\t<div class=\"elementor-widget-container\">\n\t\t\t\t\t\t\t\t\t<p>Gr\u00e2ce au recyclage de tous les sous-produits sous forme de liquides riches en ammoniac, nous \u00e9liminons la n\u00e9cessit\u00e9 de g\u00e9rer les d\u00e9chets.<\/p>\n\t\t\t\t\t\t\t\t<\/div>\n\t\t\t\t<\/div>\n\t\t\t\t<div class=\"elementor-element elementor-element-06e06bb elementor-widget elementor-widget-spacer\" data-id=\"06e06bb\" data-element_type=\"widget\" data-e-type=\"widget\" data-widget_type=\"spacer.default\">\n\t\t\t\t<div class=\"elementor-widget-container\">\n\t\t\t\t\t\t\t<div class=\"elementor-spacer\">\n\t\t\t<div class=\"elementor-spacer-inner\"><\/div>\n\t\t<\/div>\n\t\t\t\t\t\t<\/div>\n\t\t\t\t<\/div>\n\t\t\t\t<\/div>\n\t\t\t\t<\/div>\n\t\t<div class=\"elementor-element elementor-element-f02a4bd e-con-full e-flex e-con e-parent\" data-id=\"f02a4bd\" data-element_type=\"container\" data-e-type=\"container\">\n\t\t\t\t<div class=\"elementor-element elementor-element-301e6d2 elementor-widget elementor-widget-image\" data-id=\"301e6d2\" data-element_type=\"widget\" data-e-type=\"widget\" data-widget_type=\"image.default\">\n\t\t\t\t<div class=\"elementor-widget-container\">\n\t\t\t\t\t\t\t\t\t\t\t\t\t\t\t<img decoding=\"async\" width=\"800\" height=\"432\" src=\"https:\/\/medusoil.com\/wp-content\/uploads\/2024\/08\/Group-29-1024x553.png\" class=\"attachment-large size-large wp-image-4844\" alt=\"\" srcset=\"https:\/\/medusoil.com\/wp-content\/uploads\/2024\/08\/Group-29-1024x553.png 1024w, https:\/\/medusoil.com\/wp-content\/uploads\/2024\/08\/Group-29-300x162.png 300w, https:\/\/medusoil.com\/wp-content\/uploads\/2024\/08\/Group-29-768x415.png 768w, https:\/\/medusoil.com\/wp-content\/uploads\/2024\/08\/Group-29-1080x584.png 1080w, https:\/\/medusoil.com\/wp-content\/uploads\/2024\/08\/Group-29-1280x692.png 1280w, https:\/\/medusoil.com\/wp-content\/uploads\/2024\/08\/Group-29-980x530.png 980w, https:\/\/medusoil.com\/wp-content\/uploads\/2024\/08\/Group-29-480x259.png 480w, https:\/\/medusoil.com\/wp-content\/uploads\/2024\/08\/Group-29.png 1360w\" sizes=\"(max-width: 800px) 100vw, 800px\" \/>\t\t\t\t\t\t\t\t\t\t\t\t\t\t\t<\/div>\n\t\t\t\t<\/div>\n\t\t<div class=\"elementor-element elementor-element-51517a5 e-flex e-con-boxed e-con e-child\" data-id=\"51517a5\" data-element_type=\"container\" data-e-type=\"container\">\n\t\t\t\t\t<div class=\"e-con-inner\">\n\t\t\t\t<div class=\"elementor-element elementor-element-6ef58fd elementor-align-center elementor-widget elementor-widget-button\" data-id=\"6ef58fd\" data-element_type=\"widget\" data-e-type=\"widget\" data-widget_type=\"button.default\">\n\t\t\t\t<div class=\"elementor-widget-container\">\n\t\t\t\t\t\t\t\t\t<div class=\"elementor-button-wrapper\">\n\t\t\t\t\t<a class=\"elementor-button elementor-button-link elementor-size-sm\" href=\"https:\/\/622wh4bifqy.preview.infomaniak.website\/products\/\" target=\"_blank\" rel=\"noopener\">\n\t\t\t\t\t\t<span class=\"elementor-button-content-wrapper\">\n\t\t\t\t\t\t<span class=\"elementor-button-icon\">\n\t\t\t\t<svg xmlns=\"http:\/\/www.w3.org\/2000\/svg\" width=\"50\" height=\"50\" viewBox=\"0 0 50 50\" fill=\"none\"><rect width=\"50\" height=\"50\" rx=\"25\" fill=\"#C8FFD2\"><\/rect><\/svg>\t\t\t<\/span>\n\t\t\t\t\t\t\t\t\t<span class=\"elementor-button-text\">Nos produits<\/span>\n\t\t\t\t\t<\/span>\n\t\t\t\t\t<\/a>\n\t\t\t\t<\/div>\n\t\t\t\t\t\t\t\t<\/div>\n\t\t\t\t<\/div>\n\t\t\t\t\t<\/div>\n\t\t\t\t<\/div>\n\t\t\t\t<\/div>\n\t\t<div class=\"elementor-element elementor-element-dcfdf6b e-flex e-con-boxed e-con e-parent\" data-id=\"dcfdf6b\" data-element_type=\"container\" data-e-type=\"container\">\n\t\t\t\t\t<div class=\"e-con-inner\">\n\t\t\t\t<div class=\"elementor-element elementor-element-0500820 elementor-widget elementor-widget-spacer\" data-id=\"0500820\" data-element_type=\"widget\" data-e-type=\"widget\" data-widget_type=\"spacer.default\">\n\t\t\t\t<div class=\"elementor-widget-container\">\n\t\t\t\t\t\t\t<div class=\"elementor-spacer\">\n\t\t\t<div class=\"elementor-spacer-inner\"><\/div>\n\t\t<\/div>\n\t\t\t\t\t\t<\/div>\n\t\t\t\t<\/div>\n\t\t\t\t\t<\/div>\n\t\t\t\t<\/div>\n\t\t<div class=\"elementor-element elementor-element-637f7550 e-con-full e-flex e-con e-parent\" data-id=\"637f7550\" data-element_type=\"container\" data-e-type=\"container\">\n\t\t\t\t<div class=\"elementor-element elementor-element-332120a5 elementor-widget__width-initial elementor-widget elementor-widget-heading\" data-id=\"332120a5\" data-element_type=\"widget\" data-e-type=\"widget\" data-widget_type=\"heading.default\">\n\t\t\t\t<div class=\"elementor-widget-container\">\n\t\t\t\t\t<h2 class=\"elementor-heading-title elementor-size-default\"><a href=\"https:\/\/medusoil.com\/fr\/contact\/\"><span style=\"color: #009169\">Contactez-nous<\/span><\/a> pour obtenir notre soutien dans vos projets.  <\/h2>\t\t\t\t<\/div>\n\t\t\t\t<\/div>\n\t\t\t\t<\/div>\n\t\t<div class=\"elementor-element elementor-element-e07b9be e-con-full elementor-hidden-mobile e-flex e-con e-parent\" data-id=\"e07b9be\" data-element_type=\"container\" data-e-type=\"container\">\n\t\t<div class=\"elementor-element elementor-element-e9ec3a5 e-con-full e-flex e-con e-child\" data-id=\"e9ec3a5\" data-element_type=\"container\" data-e-type=\"container\">\n\t\t<div class=\"elementor-element elementor-element-1b5bc46 e-con-full e-flex e-con e-child\" data-id=\"1b5bc46\" data-element_type=\"container\" data-e-type=\"container\">\n\t\t\t\t<div class=\"elementor-element elementor-element-cd32aa6 elementor-widget__width-initial elementor-widget elementor-widget-image\" data-id=\"cd32aa6\" data-element_type=\"widget\" data-e-type=\"widget\" data-widget_type=\"image.default\">\n\t\t\t\t<div class=\"elementor-widget-container\">\n\t\t\t\t\t\t\t\t\t\t\t\t\t\t\t<img decoding=\"async\" width=\"410\" height=\"200\" src=\"https:\/\/medusoil.com\/wp-content\/uploads\/2024\/10\/test-copie.png\" class=\"attachment-large size-large wp-image-4960\" alt=\"\" srcset=\"https:\/\/medusoil.com\/wp-content\/uploads\/2024\/10\/test-copie.png 410w, https:\/\/medusoil.com\/wp-content\/uploads\/2024\/10\/test-copie-300x146.png 300w\" sizes=\"(max-width: 410px) 100vw, 410px\" \/>\t\t\t\t\t\t\t\t\t\t\t\t\t\t\t<\/div>\n\t\t\t\t<\/div>\n\t\t\t\t<\/div>\n\t\t<div class=\"elementor-element elementor-element-49b8767 e-con-full e-flex e-con e-child\" data-id=\"49b8767\" data-element_type=\"container\" data-e-type=\"container\">\n\t\t\t\t<div class=\"elementor-element elementor-element-cdd719a elementor-widget__width-initial elementor-widget elementor-widget-image\" data-id=\"cdd719a\" data-element_type=\"widget\" data-e-type=\"widget\" data-widget_type=\"image.default\">\n\t\t\t\t<div class=\"elementor-widget-container\">\n\t\t\t\t\t\t\t\t\t\t\t\t\t\t\t<img loading=\"lazy\" decoding=\"async\" width=\"256\" height=\"256\" src=\"https:\/\/medusoil.com\/wp-content\/uploads\/2024\/08\/Ellipse-3.png\" class=\"attachment-large size-large wp-image-4952\" alt=\"\" srcset=\"https:\/\/medusoil.com\/wp-content\/uploads\/2024\/08\/Ellipse-3.png 256w, https:\/\/medusoil.com\/wp-content\/uploads\/2024\/08\/Ellipse-3-150x150.png 150w\" sizes=\"(max-width: 256px) 100vw, 256px\" \/>\t\t\t\t\t\t\t\t\t\t\t\t\t\t\t<\/div>\n\t\t\t\t<\/div>\n\t\t\t\t<\/div>\n\t\t<div class=\"elementor-element elementor-element-b2c940b e-con-full e-flex e-con e-child\" data-id=\"b2c940b\" data-element_type=\"container\" data-e-type=\"container\">\n\t\t\t\t<div class=\"elementor-element elementor-element-83d877c elementor-widget__width-initial elementor-widget elementor-widget-html\" data-id=\"83d877c\" data-element_type=\"widget\" data-e-type=\"widget\" data-widget_type=\"html.default\">\n\t\t\t\t<div class=\"elementor-widget-container\">\n\t\t\t\t\t<a href=\"https:\/\/medusoil.com\/fr\/contact\/\" class=\"circular-button\">Nous contacter\n<\/a><style>.circular-button {\n  width: 200px;\n  height: 200px;\n  background-color: #008060;\n  border-radius: 50%;\n  display: flex;\n  justify-content: center;\n  align-items: center;\n  text-decoration: none; \/* Supprimer la d\u00e9coration de lien *\/\n  transition: background-color 0.3s ease; \/* Transition fluide *\/\n}\n\n.circular-button:hover {\n  background-color: #82F091; \/* Couleur au survol *\/\n}\n\n.circular-button {\n  color: white;\n  font-size: 18px;\n  text-align: center;\n  font-family: 'Neue Haas Grotesk', sans-serif;\n}\n<\/style>\t\t\t\t<\/div>\n\t\t\t\t<\/div>\n\t\t\t\t<\/div>\n\t\t\t\t<\/div>\n\t\t\t\t<\/div>\n\t\t<div class=\"elementor-element elementor-element-0a76b7b elementor-hidden-desktop elementor-hidden-tablet e-flex e-con-boxed e-con e-parent\" data-id=\"0a76b7b\" data-element_type=\"container\" data-e-type=\"container\">\n\t\t\t\t\t<div class=\"e-con-inner\">\n\t\t\t\t<div class=\"elementor-element elementor-element-e44e0fc elementor-widget__width-initial elementor-widget elementor-widget-image\" data-id=\"e44e0fc\" data-element_type=\"widget\" data-e-type=\"widget\" data-widget_type=\"image.default\">\n\t\t\t\t<div class=\"elementor-widget-container\">\n\t\t\t\t\t\t\t\t\t\t\t\t\t\t\t<img decoding=\"async\" width=\"410\" height=\"200\" src=\"https:\/\/medusoil.com\/wp-content\/uploads\/2024\/10\/test-copie.png\" class=\"attachment-large size-large wp-image-4960\" alt=\"\" srcset=\"https:\/\/medusoil.com\/wp-content\/uploads\/2024\/10\/test-copie.png 410w, https:\/\/medusoil.com\/wp-content\/uploads\/2024\/10\/test-copie-300x146.png 300w\" sizes=\"(max-width: 410px) 100vw, 410px\" \/>\t\t\t\t\t\t\t\t\t\t\t\t\t\t\t<\/div>\n\t\t\t\t<\/div>\n\t\t\t\t<div class=\"elementor-element elementor-element-1cdd48b elementor-widget__width-initial elementor-widget elementor-widget-image\" data-id=\"1cdd48b\" data-element_type=\"widget\" data-e-type=\"widget\" data-widget_type=\"image.default\">\n\t\t\t\t<div class=\"elementor-widget-container\">\n\t\t\t\t\t\t\t\t\t\t\t\t\t\t\t<img loading=\"lazy\" decoding=\"async\" width=\"256\" height=\"256\" src=\"https:\/\/medusoil.com\/wp-content\/uploads\/2024\/08\/Ellipse-3.png\" class=\"attachment-large size-large wp-image-4952\" alt=\"\" srcset=\"https:\/\/medusoil.com\/wp-content\/uploads\/2024\/08\/Ellipse-3.png 256w, https:\/\/medusoil.com\/wp-content\/uploads\/2024\/08\/Ellipse-3-150x150.png 150w\" sizes=\"(max-width: 256px) 100vw, 256px\" \/>\t\t\t\t\t\t\t\t\t\t\t\t\t\t\t<\/div>\n\t\t\t\t<\/div>\n\t\t\t\t<div class=\"elementor-element elementor-element-aa5f1d3 elementor-widget__width-initial elementor-widget-mobile__width-initial elementor-widget elementor-widget-image\" data-id=\"aa5f1d3\" data-element_type=\"widget\" data-e-type=\"widget\" data-widget_type=\"image.default\">\n\t\t\t\t<div class=\"elementor-widget-container\">\n\t\t\t\t\t\t\t\t\t\t\t\t\t\t\t\t<a href=\"https:\/\/medusoil.com\/fr\/contact\/\">\n\t\t\t\t\t\t\t<img loading=\"lazy\" decoding=\"async\" width=\"262\" height=\"260\" src=\"https:\/\/medusoil.com\/wp-content\/uploads\/2024\/10\/Contactez-nous.svg\" class=\"attachment-full size-full wp-image-5221\" alt=\"\" \/>\t\t\t\t\t\t\t\t<\/a>\n\t\t\t\t\t\t\t\t\t\t\t\t\t\t\t<\/div>\n\t\t\t\t<\/div>\n\t\t\t\t\t<\/div>\n\t\t\t\t<\/div>\n\t\t\t\t<\/div>\n\t\t","protected":false},"excerpt":{"rendered":"<p>La nature est notre laboratoire Chez Medusoil, nous sommes profond\u00e9ment engag\u00e9s dans la promotion de pratiques de construction durables qui minimisent l&rsquo;impact sur l&rsquo;environnement. Nos produits et solutions innovants sont con\u00e7us pour s&rsquo;aligner sur les objectifs mondiaux de d\u00e9veloppement durable et r\u00e9duire l&#8217;empreinte \u00e9cologique des activit\u00e9s de construction. La nature est notre laboratoire Chez Medusoil, [&hellip;]<\/p>\n","protected":false},"author":2,"featured_media":0,"parent":0,"menu_order":0,"comment_status":"closed","ping_status":"closed","template":"elementor_header_footer","meta":{"om_disable_all_campaigns":false,"inline_featured_image":false,"footnotes":""},"class_list":["post-5131","page","type-page","status-publish","hentry"],"_links":{"self":[{"href":"https:\/\/medusoil.com\/fr\/wp-json\/wp\/v2\/pages\/5131","targetHints":{"allow":["GET"]}}],"collection":[{"href":"https:\/\/medusoil.com\/fr\/wp-json\/wp\/v2\/pages"}],"about":[{"href":"https:\/\/medusoil.com\/fr\/wp-json\/wp\/v2\/types\/page"}],"author":[{"embeddable":true,"href":"https:\/\/medusoil.com\/fr\/wp-json\/wp\/v2\/users\/2"}],"replies":[{"embeddable":true,"href":"https:\/\/medusoil.com\/fr\/wp-json\/wp\/v2\/comments?post=5131"}],"version-history":[{"count":3,"href":"https:\/\/medusoil.com\/fr\/wp-json\/wp\/v2\/pages\/5131\/revisions"}],"predecessor-version":[{"id":9744,"href":"https:\/\/medusoil.com\/fr\/wp-json\/wp\/v2\/pages\/5131\/revisions\/9744"}],"wp:attachment":[{"href":"https:\/\/medusoil.com\/fr\/wp-json\/wp\/v2\/media?parent=5131"}],"curies":[{"name":"wp","href":"https:\/\/api.w.org\/{rel}","templated":true}]}}