{"id":5136,"date":"2024-09-24T05:19:50","date_gmt":"2024-09-24T03:19:50","guid":{"rendered":"https:\/\/medusoil.com\/projets\/"},"modified":"2026-04-01T15:49:31","modified_gmt":"2026-04-01T13:49:31","slug":"projets","status":"publish","type":"page","link":"https:\/\/medusoil.com\/fr\/projets\/","title":{"rendered":"Projets"},"content":{"rendered":"\t\t<div data-elementor-type=\"wp-page\" data-elementor-id=\"5136\" class=\"elementor elementor-5136 elementor-1898\" data-elementor-post-type=\"page\">\n\t\t\t\t<div class=\"elementor-element elementor-element-6bd305a e-con-full elementor-hidden-mobile e-flex e-con e-parent\" data-id=\"6bd305a\" data-element_type=\"container\" data-e-type=\"container\">\n\t\t<div class=\"elementor-element elementor-element-fc27d26 e-con-full e-flex e-con e-child\" data-id=\"fc27d26\" data-element_type=\"container\" data-e-type=\"container\" data-settings=\"{&quot;background_background&quot;:&quot;classic&quot;}\">\n\t\t<div class=\"elementor-element elementor-element-e373188 e-con-full e-flex e-con e-child\" data-id=\"e373188\" data-element_type=\"container\" data-e-type=\"container\">\n\t\t\t\t<div class=\"elementor-element elementor-element-c0c45ed elementor-widget elementor-widget-heading\" data-id=\"c0c45ed\" data-element_type=\"widget\" data-e-type=\"widget\" data-widget_type=\"heading.default\">\n\t\t\t\t<div class=\"elementor-widget-container\">\n\t\t\t\t\t<h1 class=\"elementor-heading-title elementor-size-default\">Nos projets<\/h1>\t\t\t\t<\/div>\n\t\t\t\t<\/div>\n\t\t\t\t<\/div>\n\t\t<div class=\"elementor-element elementor-element-100e35c e-con-full e-flex e-con e-child\" data-id=\"100e35c\" data-element_type=\"container\" data-e-type=\"container\">\n\t\t\t\t<\/div>\n\t\t<div class=\"elementor-element elementor-element-98092fa e-con-full e-flex e-con e-child\" data-id=\"98092fa\" data-element_type=\"container\" data-e-type=\"container\">\n\t\t\t\t<div class=\"elementor-element elementor-element-bb99be1 elementor-widget elementor-widget-text-editor\" data-id=\"bb99be1\" data-element_type=\"widget\" data-e-type=\"widget\" data-widget_type=\"text-editor.default\">\n\t\t\t\t<div class=\"elementor-widget-container\">\n\t\t\t\t\t\t\t\t\t<p>Medusoil propose ses solutions de liants biomin\u00e9raux dans le cadre de diverses applications, notamment le renforcement des fondations, l&rsquo;am\u00e9lioration de la capacit\u00e9 portante et la r\u00e9sistance \u00e0 la liqu\u00e9faction, la fissuration par dessiccation des sols, la lutte contre l&rsquo;\u00e9rosion de surface (eau et poussi\u00e8re), la valorisation des d\u00e9chets et la stabilisation de l&rsquo;imperm\u00e9abilit\u00e9. Notre syst\u00e8me d&rsquo;application z\u00e9ro d\u00e9chet garantit l&rsquo;efficacit\u00e9 \u00e9conomique, la responsabilit\u00e9 environnementale et la performance technique dans tous ces domaines.<\/p>\t\t\t\t\t\t\t\t<\/div>\n\t\t\t\t<\/div>\n\t\t\t\t<\/div>\n\t\t\t\t<\/div>\n\t\t\t\t<\/div>\n\t\t<div class=\"elementor-element elementor-element-cde8a57 elementor-hidden-desktop elementor-hidden-tablet e-flex e-con-boxed e-con e-parent\" data-id=\"cde8a57\" data-element_type=\"container\" data-e-type=\"container\">\n\t\t\t\t\t<div class=\"e-con-inner\">\n\t\t\t\t<div class=\"elementor-element elementor-element-c684bb8 elementor-widget elementor-widget-heading\" data-id=\"c684bb8\" data-element_type=\"widget\" data-e-type=\"widget\" data-widget_type=\"heading.default\">\n\t\t\t\t<div class=\"elementor-widget-container\">\n\t\t\t\t\t<h1 class=\"elementor-heading-title elementor-size-default\">Nos projets<\/h1>\t\t\t\t<\/div>\n\t\t\t\t<\/div>\n\t\t\t\t<div class=\"elementor-element elementor-element-090c9f2 elementor-widget elementor-widget-text-editor\" data-id=\"090c9f2\" data-element_type=\"widget\" data-e-type=\"widget\" data-widget_type=\"text-editor.default\">\n\t\t\t\t<div class=\"elementor-widget-container\">\n\t\t\t\t\t\t\t\t\t<p>Medusoil propose ses solutions de liant organique dans le cadre de divers projets verticaux, notamment le renforcement des fondations, l&rsquo;am\u00e9lioration de la capacit\u00e9 portante et la r\u00e9sistance \u00e0 la liqu\u00e9faction, la fissuration par dessiccation des sols, la stabilisation de l&rsquo;\u00e9rosion de surface (eau et poussi\u00e8re), la valorisation des d\u00e9chets et la stabilisation de l&rsquo;imperm\u00e9abilit\u00e9. Notre syst\u00e8me d&rsquo;application z\u00e9ro d\u00e9chet garantit l&rsquo;efficacit\u00e9 \u00e9conomique, la responsabilit\u00e9 environnementale et la performance technique dans tous ces domaines. <\/p>\n\t\t\t\t\t\t\t\t<\/div>\n\t\t\t\t<\/div>\n\t\t\t\t<div class=\"elementor-element elementor-element-554c736 elementor-widget elementor-widget-image\" data-id=\"554c736\" data-element_type=\"widget\" data-e-type=\"widget\" data-widget_type=\"image.default\">\n\t\t\t\t<div class=\"elementor-widget-container\">\n\t\t\t\t\t\t\t\t\t\t\t\t\t\t\t<img fetchpriority=\"high\" decoding=\"async\" width=\"800\" height=\"534\" src=\"https:\/\/medusoil.com\/wp-content\/uploads\/2024\/08\/shutterstock_424808146-1024x683.jpg\" class=\"attachment-large size-large wp-image-4850\" alt=\"\" srcset=\"https:\/\/medusoil.com\/wp-content\/uploads\/2024\/08\/shutterstock_424808146-1024x683.jpg 1024w, https:\/\/medusoil.com\/wp-content\/uploads\/2024\/08\/shutterstock_424808146-300x200.jpg 300w, https:\/\/medusoil.com\/wp-content\/uploads\/2024\/08\/shutterstock_424808146-768x512.jpg 768w, https:\/\/medusoil.com\/wp-content\/uploads\/2024\/08\/shutterstock_424808146-1536x1024.jpg 1536w, https:\/\/medusoil.com\/wp-content\/uploads\/2024\/08\/shutterstock_424808146-2048x1365.jpg 2048w, https:\/\/medusoil.com\/wp-content\/uploads\/2024\/08\/shutterstock_424808146-1080x720.jpg 1080w, https:\/\/medusoil.com\/wp-content\/uploads\/2024\/08\/shutterstock_424808146-1280x854.jpg 1280w, https:\/\/medusoil.com\/wp-content\/uploads\/2024\/08\/shutterstock_424808146-980x653.jpg 980w, https:\/\/medusoil.com\/wp-content\/uploads\/2024\/08\/shutterstock_424808146-480x320.jpg 480w\" sizes=\"(max-width: 800px) 100vw, 800px\" \/>\t\t\t\t\t\t\t\t\t\t\t\t\t\t\t<\/div>\n\t\t\t\t<\/div>\n\t\t\t\t\t<\/div>\n\t\t\t\t<\/div>\n\t\t<div class=\"elementor-element elementor-element-aa25048 e-flex e-con-boxed e-con e-parent\" data-id=\"aa25048\" data-element_type=\"container\" data-e-type=\"container\">\n\t\t\t\t\t<div class=\"e-con-inner\">\n\t\t\t\t\t<\/div>\n\t\t\t\t<\/div>\n\t\t<div class=\"elementor-element elementor-element-7c426d8 e-flex e-con-boxed e-con e-parent\" data-id=\"7c426d8\" data-element_type=\"container\" data-e-type=\"container\">\n\t\t\t\t\t<div class=\"e-con-inner\">\n\t\t<div class=\"elementor-element elementor-element-214a4b8 e-con-full e-flex e-con e-child\" data-id=\"214a4b8\" data-element_type=\"container\" data-e-type=\"container\">\n\t\t\t\t<div class=\"elementor-element elementor-element-4084b4c elementor-widget elementor-widget-counter\" data-id=\"4084b4c\" data-element_type=\"widget\" data-e-type=\"widget\" data-widget_type=\"counter.default\">\n\t\t\t\t<div class=\"elementor-widget-container\">\n\t\t\t\t\t\t\t<div class=\"elementor-counter\">\n\t\t\t<div class=\"elementor-counter-title\">Localisation des sites<\/div>\t\t\t<div class=\"elementor-counter-number-wrapper\">\n\t\t\t\t<span class=\"elementor-counter-number-prefix\">+<\/span>\n\t\t\t\t<span class=\"elementor-counter-number\" data-duration=\"2000\" data-to-value=\"15\" data-from-value=\"0\" data-delimiter=\",\">0<\/span>\n\t\t\t\t<span class=\"elementor-counter-number-suffix\"><\/span>\n\t\t\t<\/div>\n\t\t<\/div>\n\t\t\t\t\t\t<\/div>\n\t\t\t\t<\/div>\n\t\t\t\t<\/div>\n\t\t<div class=\"elementor-element elementor-element-900154d e-con-full e-flex e-con e-child\" data-id=\"900154d\" data-element_type=\"container\" data-e-type=\"container\">\n\t\t\t\t<div class=\"elementor-element elementor-element-1ed33c9 elementor-widget elementor-widget-image\" data-id=\"1ed33c9\" data-element_type=\"widget\" data-e-type=\"widget\" data-widget_type=\"image.default\">\n\t\t\t\t<div class=\"elementor-widget-container\">\n\t\t\t\t\t\t\t\t\t\t\t\t\t\t\t<img decoding=\"async\" width=\"800\" height=\"800\" src=\"https:\/\/medusoil.com\/wp-content\/uploads\/2025\/09\/MAP-1-1024x1024.webp\" class=\"attachment-large size-large wp-image-7700\" alt=\"\" srcset=\"https:\/\/medusoil.com\/wp-content\/uploads\/2025\/09\/MAP-1-1024x1024.webp 1024w, https:\/\/medusoil.com\/wp-content\/uploads\/2025\/09\/MAP-1-300x300.webp 300w, https:\/\/medusoil.com\/wp-content\/uploads\/2025\/09\/MAP-1-150x150.webp 150w, https:\/\/medusoil.com\/wp-content\/uploads\/2025\/09\/MAP-1-768x768.webp 768w, https:\/\/medusoil.com\/wp-content\/uploads\/2025\/09\/MAP-1-1536x1536.webp 1536w, https:\/\/medusoil.com\/wp-content\/uploads\/2025\/09\/MAP-1-1080x1080.webp 1080w, https:\/\/medusoil.com\/wp-content\/uploads\/2025\/09\/MAP-1-1280x1280.webp 1280w, https:\/\/medusoil.com\/wp-content\/uploads\/2025\/09\/MAP-1-980x980.webp 980w, https:\/\/medusoil.com\/wp-content\/uploads\/2025\/09\/MAP-1-480x480.webp 480w, https:\/\/medusoil.com\/wp-content\/uploads\/2025\/09\/MAP-1.webp 2000w\" sizes=\"(max-width: 800px) 100vw, 800px\" \/>\t\t\t\t\t\t\t\t\t\t\t\t\t\t\t<\/div>\n\t\t\t\t<\/div>\n\t\t\t\t<\/div>\n\t\t<div class=\"elementor-element elementor-element-ba86aa8 e-con-full e-flex e-con e-child\" data-id=\"ba86aa8\" data-element_type=\"container\" data-e-type=\"container\">\n\t\t\t\t<div class=\"elementor-element elementor-element-c1ed5f8 elementor-widget elementor-widget-counter\" data-id=\"c1ed5f8\" data-element_type=\"widget\" data-e-type=\"widget\" data-widget_type=\"counter.default\">\n\t\t\t\t<div class=\"elementor-widget-container\">\n\t\t\t\t\t\t\t<div class=\"elementor-counter\">\n\t\t\t<div class=\"elementor-counter-title\">Projets<\/div>\t\t\t<div class=\"elementor-counter-number-wrapper\">\n\t\t\t\t<span class=\"elementor-counter-number-prefix\">+<\/span>\n\t\t\t\t<span class=\"elementor-counter-number\" data-duration=\"2000\" data-to-value=\"20\" data-from-value=\"0\" data-delimiter=\",\">0<\/span>\n\t\t\t\t<span class=\"elementor-counter-number-suffix\"><\/span>\n\t\t\t<\/div>\n\t\t<\/div>\n\t\t\t\t\t\t<\/div>\n\t\t\t\t<\/div>\n\t\t\t\t<div class=\"elementor-element elementor-element-4880d10 elementor-widget elementor-widget-counter\" data-id=\"4880d10\" data-element_type=\"widget\" data-e-type=\"widget\" data-widget_type=\"counter.default\">\n\t\t\t\t<div class=\"elementor-widget-container\">\n\t\t\t\t\t\t\t<div class=\"elementor-counter\">\n\t\t\t<div class=\"elementor-counter-title\">Produits<\/div>\t\t\t<div class=\"elementor-counter-number-wrapper\">\n\t\t\t\t<span class=\"elementor-counter-number-prefix\">+<\/span>\n\t\t\t\t<span class=\"elementor-counter-number\" data-duration=\"2000\" data-to-value=\"3\" data-from-value=\"0\" data-delimiter=\",\">0<\/span>\n\t\t\t\t<span class=\"elementor-counter-number-suffix\"><\/span>\n\t\t\t<\/div>\n\t\t<\/div>\n\t\t\t\t\t\t<\/div>\n\t\t\t\t<\/div>\n\t\t\t\t<\/div>\n\t\t\t\t\t<\/div>\n\t\t\t\t<\/div>\n\t\t<div class=\"elementor-element elementor-element-028af06 e-flex e-con-boxed e-con e-parent\" data-id=\"028af06\" data-element_type=\"container\" data-e-type=\"container\">\n\t\t\t\t\t<div class=\"e-con-inner\">\n\t\t\t\t\t<\/div>\n\t\t\t\t<\/div>\n\t\t<div class=\"elementor-element elementor-element-beef8fd e-con-full e-flex e-con e-parent\" data-id=\"beef8fd\" data-element_type=\"container\" data-e-type=\"container\">\n\t\t<div class=\"elementor-element elementor-element-8a4ddf7 e-con-full e-flex elementor-invisible e-con e-child\" data-id=\"8a4ddf7\" data-element_type=\"container\" data-e-type=\"container\" data-settings=\"{&quot;background_background&quot;:&quot;classic&quot;,&quot;animation&quot;:&quot;fadeInRight&quot;}\">\n\t\t<div class=\"elementor-element elementor-element-1eda7fd e-con-full e-flex e-con e-child\" data-id=\"1eda7fd\" data-element_type=\"container\" data-e-type=\"container\">\n\t\t\t\t<div class=\"elementor-element elementor-element-c83c5b4 elementor-widget elementor-widget-heading\" data-id=\"c83c5b4\" data-element_type=\"widget\" data-e-type=\"widget\" data-widget_type=\"heading.default\">\n\t\t\t\t<div class=\"elementor-widget-container\">\n\t\t\t\t\t<h2 class=\"elementor-heading-title elementor-size-default\">Renforcement des fondations et am\u00e9lioration de la capacit\u00e9 portante :<\/h2>\t\t\t\t<\/div>\n\t\t\t\t<\/div>\n\t\t\t\t<div class=\"elementor-element elementor-element-8554794 elementor-widget elementor-widget-spacer\" data-id=\"8554794\" data-element_type=\"widget\" data-e-type=\"widget\" data-widget_type=\"spacer.default\">\n\t\t\t\t<div class=\"elementor-widget-container\">\n\t\t\t\t\t\t\t<div class=\"elementor-spacer\">\n\t\t\t<div class=\"elementor-spacer-inner\"><\/div>\n\t\t<\/div>\n\t\t\t\t\t\t<\/div>\n\t\t\t\t<\/div>\n\t\t\t\t<div class=\"elementor-element elementor-element-7807960 elementor-widget elementor-widget-text-editor\" data-id=\"7807960\" data-element_type=\"widget\" data-e-type=\"widget\" data-widget_type=\"text-editor.default\">\n\t\t\t\t<div class=\"elementor-widget-container\">\n\t\t\t\t\t\t\t\t\t<p>Nos solutions avanc\u00e9es am\u00e9liorent consid\u00e9rablement la stabilit\u00e9 et la capacit\u00e9 portante des fondations des b\u00e2timents, tout en att\u00e9nuant efficacement le risque de liqu\u00e9faction du sol lors d&rsquo;\u00e9v\u00e9nements sismiques, afin de prot\u00e9ger les infrastructures. En utilisant des techniques bien connues des ing\u00e9nieurs g\u00e9otechniciens, telles que les puits d&rsquo;injection\/extraction, les forages et injections traditionnels ou les colonnes encastr\u00e9es, notre syst\u00e8me garantit des performances robustes et fiables. Une fiche d&rsquo;information d\u00e9taill\u00e9e est disponible.<\/p>\t\t\t\t\t\t\t\t<\/div>\n\t\t\t\t<\/div>\n\t\t\t\t<\/div>\n\t\t<div class=\"elementor-element elementor-element-c769dbc e-con-full e-flex e-con e-child\" data-id=\"c769dbc\" data-element_type=\"container\" data-e-type=\"container\" data-settings=\"{&quot;background_background&quot;:&quot;classic&quot;}\">\n\t\t\t\t<\/div>\n\t\t\t\t<\/div>\n\t\t<div class=\"elementor-element elementor-element-489f53b e-con-full animate-slide-in e-flex elementor-invisible e-con e-child\" data-id=\"489f53b\" data-element_type=\"container\" data-e-type=\"container\" data-settings=\"{&quot;background_background&quot;:&quot;classic&quot;,&quot;animation&quot;:&quot;fadeInLeft&quot;}\">\n\t\t<div class=\"elementor-element elementor-element-1d29f6d e-con-full e-flex e-con e-child\" data-id=\"1d29f6d\" data-element_type=\"container\" data-e-type=\"container\" data-settings=\"{&quot;background_background&quot;:&quot;classic&quot;}\">\n\t\t\t\t<\/div>\n\t\t<div class=\"elementor-element elementor-element-4efd296 e-con-full e-flex e-con e-child\" data-id=\"4efd296\" data-element_type=\"container\" data-e-type=\"container\">\n\t\t\t\t<div class=\"elementor-element elementor-element-887f6d1 elementor-widget elementor-widget-heading\" data-id=\"887f6d1\" data-element_type=\"widget\" data-e-type=\"widget\" data-widget_type=\"heading.default\">\n\t\t\t\t<div class=\"elementor-widget-container\">\n\t\t\t\t\t<h2 class=\"elementor-heading-title elementor-size-default\">Contr\u00f4le du retrait et du gonflement des argiles plastiques :<\/h2>\t\t\t\t<\/div>\n\t\t\t\t<\/div>\n\t\t\t\t<div class=\"elementor-element elementor-element-3d19e74 elementor-widget elementor-widget-spacer\" data-id=\"3d19e74\" data-element_type=\"widget\" data-e-type=\"widget\" data-widget_type=\"spacer.default\">\n\t\t\t\t<div class=\"elementor-widget-container\">\n\t\t\t\t\t\t\t<div class=\"elementor-spacer\">\n\t\t\t<div class=\"elementor-spacer-inner\"><\/div>\n\t\t<\/div>\n\t\t\t\t\t\t<\/div>\n\t\t\t\t<\/div>\n\t\t\t\t<div class=\"elementor-element elementor-element-13005da elementor-widget elementor-widget-text-editor\" data-id=\"13005da\" data-element_type=\"widget\" data-e-type=\"widget\" data-widget_type=\"text-editor.default\">\n\t\t\t\t<div class=\"elementor-widget-container\">\n\t\t\t\t\t\t\t\t\t<div>\u00a0<\/div><p>Nos produits innovants traitent activement la surface des argiles plastiques, r\u00e9duisant de mani\u00e8re significative leur potentiel de retrait et de gonflement. En stabilisant la structure de l&rsquo;argile, nos solutions am\u00e9liorent la consistance et la performance du sol.<\/p>\t\t\t\t\t\t\t\t<\/div>\n\t\t\t\t<\/div>\n\t\t\t\t<\/div>\n\t\t\t\t<\/div>\n\t\t<div class=\"elementor-element elementor-element-1c82779 e-con-full e-flex elementor-invisible e-con e-child\" data-id=\"1c82779\" data-element_type=\"container\" data-e-type=\"container\" data-settings=\"{&quot;background_background&quot;:&quot;classic&quot;,&quot;animation&quot;:&quot;fadeInRight&quot;}\">\n\t\t<div class=\"elementor-element elementor-element-3e6badb e-con-full e-flex e-con e-child\" data-id=\"3e6badb\" data-element_type=\"container\" data-e-type=\"container\">\n\t\t\t\t<div class=\"elementor-element elementor-element-74ec8ca elementor-widget elementor-widget-heading\" data-id=\"74ec8ca\" data-element_type=\"widget\" data-e-type=\"widget\" data-widget_type=\"heading.default\">\n\t\t\t\t<div class=\"elementor-widget-container\">\n\t\t\t\t\t<h2 class=\"elementor-heading-title elementor-size-default\">Stabilisation de l'\u00e9rosion de surface (eau et poussi\u00e8re) :<\/h2>\t\t\t\t<\/div>\n\t\t\t\t<\/div>\n\t\t\t\t<div class=\"elementor-element elementor-element-2f6c314 elementor-widget elementor-widget-spacer\" data-id=\"2f6c314\" data-element_type=\"widget\" data-e-type=\"widget\" data-widget_type=\"spacer.default\">\n\t\t\t\t<div class=\"elementor-widget-container\">\n\t\t\t\t\t\t\t<div class=\"elementor-spacer\">\n\t\t\t<div class=\"elementor-spacer-inner\"><\/div>\n\t\t<\/div>\n\t\t\t\t\t\t<\/div>\n\t\t\t\t<\/div>\n\t\t\t\t<div class=\"elementor-element elementor-element-8bb5738 elementor-widget elementor-widget-text-editor\" data-id=\"8bb5738\" data-element_type=\"widget\" data-e-type=\"widget\" data-widget_type=\"text-editor.default\">\n\t\t\t\t<div class=\"elementor-widget-container\">\n\t\t\t\t\t\t\t\t\t<p>Am\u00e9liorez la protection de l&rsquo;environnement et la s\u00e9curit\u00e9 des communaut\u00e9s gr\u00e2ce \u00e0 nos solutions de pointe en mati\u00e8re de stabilisation de l&rsquo;\u00e9rosion des surfaces. Notre technologie pr\u00e9vient efficacement l&rsquo;\u00e9rosion et contr\u00f4le la production de poussi\u00e8re sur les surfaces expos\u00e9es, assurant une stabilit\u00e9 durable et minimisant l&rsquo;impact sur les zones environnantes. Gr\u00e2ce \u00e0 nos techniques de stabilisation avanc\u00e9es, vos projets restent respectueux de l&rsquo;environnement et les environnements restent propres et s\u00fbrs.  <\/p>\n\t\t\t\t\t\t\t\t<\/div>\n\t\t\t\t<\/div>\n\t\t\t\t<\/div>\n\t\t<div class=\"elementor-element elementor-element-cfee5b8 e-con-full e-flex e-con e-child\" data-id=\"cfee5b8\" data-element_type=\"container\" data-e-type=\"container\" data-settings=\"{&quot;background_background&quot;:&quot;classic&quot;}\">\n\t\t\t\t<\/div>\n\t\t\t\t<\/div>\n\t\t<div class=\"elementor-element elementor-element-ff402f7 e-con-full e-flex elementor-invisible e-con e-child\" data-id=\"ff402f7\" data-element_type=\"container\" data-e-type=\"container\" data-settings=\"{&quot;background_background&quot;:&quot;classic&quot;,&quot;animation&quot;:&quot;fadeInLeft&quot;}\">\n\t\t<div class=\"elementor-element elementor-element-105685c e-con-full e-flex e-con e-child\" data-id=\"105685c\" data-element_type=\"container\" data-e-type=\"container\" data-settings=\"{&quot;background_background&quot;:&quot;classic&quot;}\">\n\t\t\t\t<\/div>\n\t\t<div class=\"elementor-element elementor-element-a80f0d4 e-con-full e-flex e-con e-child\" data-id=\"a80f0d4\" data-element_type=\"container\" data-e-type=\"container\">\n\t\t\t\t<div class=\"elementor-element elementor-element-bbd81e1 elementor-widget elementor-widget-heading\" data-id=\"bbd81e1\" data-element_type=\"widget\" data-e-type=\"widget\" data-widget_type=\"heading.default\">\n\t\t\t\t<div class=\"elementor-widget-container\">\n\t\t\t\t\t<h2 class=\"elementor-heading-title elementor-size-default\">Valorisation des d\u00e9chets (d\u00e9molition et excavation) :<\/h2>\t\t\t\t<\/div>\n\t\t\t\t<\/div>\n\t\t\t\t<div class=\"elementor-element elementor-element-8cea8dd elementor-widget elementor-widget-spacer\" data-id=\"8cea8dd\" data-element_type=\"widget\" data-e-type=\"widget\" data-widget_type=\"spacer.default\">\n\t\t\t\t<div class=\"elementor-widget-container\">\n\t\t\t\t\t\t\t<div class=\"elementor-spacer\">\n\t\t\t<div class=\"elementor-spacer-inner\"><\/div>\n\t\t<\/div>\n\t\t\t\t\t\t<\/div>\n\t\t\t\t<\/div>\n\t\t\t\t<div class=\"elementor-element elementor-element-1b1afa1 elementor-widget elementor-widget-text-editor\" data-id=\"1b1afa1\" data-element_type=\"widget\" data-e-type=\"widget\" data-widget_type=\"text-editor.default\">\n\t\t\t\t<div class=\"elementor-widget-container\">\n\t\t\t\t\t\t\t\t\t<p>Transformez les d\u00e9chets de d\u00e9molition et d&rsquo;excavation en un atout pr\u00e9cieux gr\u00e2ce \u00e0 nos services avanc\u00e9s de valorisation des d\u00e9chets. Nos solutions convertissent efficacement les d\u00e9bris et les mat\u00e9riaux exc\u00e9dentaires en ressources r\u00e9utilisables, ce qui favorise les pratiques de construction durable et r\u00e9duit la d\u00e9pendance \u00e0 l&rsquo;\u00e9gard des d\u00e9charges. Optimisez l&rsquo;impact environnemental de votre projet et d\u00e9couvrez les avantages du recyclage et de la r\u00e9utilisation gr\u00e2ce \u00e0 nos technologies de gestion des d\u00e9chets.  <\/p>\n\t\t\t\t\t\t\t\t<\/div>\n\t\t\t\t<\/div>\n\t\t\t\t<\/div>\n\t\t\t\t<\/div>\n\t\t<div class=\"elementor-element elementor-element-b2092ca e-con-full e-flex elementor-invisible e-con e-child\" data-id=\"b2092ca\" data-element_type=\"container\" data-e-type=\"container\" data-settings=\"{&quot;background_background&quot;:&quot;classic&quot;,&quot;animation&quot;:&quot;fadeInRight&quot;}\">\n\t\t<div class=\"elementor-element elementor-element-cec29cd e-con-full e-flex e-con e-child\" data-id=\"cec29cd\" data-element_type=\"container\" data-e-type=\"container\">\n\t\t\t\t<div class=\"elementor-element elementor-element-ae9e65a elementor-widget elementor-widget-heading\" data-id=\"ae9e65a\" data-element_type=\"widget\" data-e-type=\"widget\" data-widget_type=\"heading.default\">\n\t\t\t\t<div class=\"elementor-widget-container\">\n\t\t\t\t\t<h2 class=\"elementor-heading-title elementor-size-default\">Imperm\u00e9abilisation (fissures et fentes) :<\/h2>\t\t\t\t<\/div>\n\t\t\t\t<\/div>\n\t\t\t\t<div class=\"elementor-element elementor-element-030c200 elementor-widget elementor-widget-spacer\" data-id=\"030c200\" data-element_type=\"widget\" data-e-type=\"widget\" data-widget_type=\"spacer.default\">\n\t\t\t\t<div class=\"elementor-widget-container\">\n\t\t\t\t\t\t\t<div class=\"elementor-spacer\">\n\t\t\t<div class=\"elementor-spacer-inner\"><\/div>\n\t\t<\/div>\n\t\t\t\t\t\t<\/div>\n\t\t\t\t<\/div>\n\t\t\t\t<div class=\"elementor-element elementor-element-f167332 elementor-widget elementor-widget-text-editor\" data-id=\"f167332\" data-element_type=\"widget\" data-e-type=\"widget\" data-widget_type=\"text-editor.default\">\n\t\t\t\t<div class=\"elementor-widget-container\">\n\t\t\t\t\t\t\t\t\t<p>Prot\u00e9gez vos structures des effets n\u00e9fastes de l&rsquo;infiltration d&rsquo;eau gr\u00e2ce \u00e0 nos solutions d&rsquo;imperm\u00e9abilisation avanc\u00e9es. Notre technologie est sp\u00e9cialement con\u00e7ue pour sceller efficacement les fissures et les l\u00e9zardes, emp\u00eachant ainsi l&rsquo;eau de p\u00e9n\u00e9trer et de causer d&rsquo;autres dommages. Am\u00e9liorez la long\u00e9vit\u00e9 et la durabilit\u00e9 de vos b\u00e2timents tout en garantissant un environnement sec et s\u00fbr gr\u00e2ce \u00e0 nos syst\u00e8mes d&rsquo;imperm\u00e9abilisation fiables et performants.  <\/p>\n\t\t\t\t\t\t\t\t<\/div>\n\t\t\t\t<\/div>\n\t\t\t\t<\/div>\n\t\t<div class=\"elementor-element elementor-element-5c68b29 e-con-full e-flex e-con e-child\" data-id=\"5c68b29\" data-element_type=\"container\" data-e-type=\"container\" data-settings=\"{&quot;background_background&quot;:&quot;classic&quot;}\">\n\t\t\t\t<\/div>\n\t\t\t\t<\/div>\n\t\t\t\t<\/div>\n\t\t<div class=\"elementor-element elementor-element-3d26e16 e-flex e-con-boxed e-con e-parent\" data-id=\"3d26e16\" data-element_type=\"container\" data-e-type=\"container\">\n\t\t\t\t\t<div class=\"e-con-inner\">\n\t\t<div class=\"elementor-element elementor-element-f294970 e-con-full e-flex elementor-invisible e-con e-child\" data-id=\"f294970\" data-element_type=\"container\" data-e-type=\"container\" data-settings=\"{&quot;animation&quot;:&quot;zoomIn&quot;}\">\n\t\t\t\t<div class=\"elementor-element elementor-element-0d29b3a elementor-align-center elementor-widget elementor-widget-button\" data-id=\"0d29b3a\" data-element_type=\"widget\" data-e-type=\"widget\" data-widget_type=\"button.default\">\n\t\t\t\t<div class=\"elementor-widget-container\">\n\t\t\t\t\t\t\t\t\t<div class=\"elementor-button-wrapper\">\n\t\t\t\t\t<a class=\"elementor-button elementor-button-link elementor-size-sm\" href=\"https:\/\/622wh4bifqy.preview.infomaniak.website\/wp-content\/uploads\/2024\/08\/Medusoil_flyer_A5_projets.pdf\" target=\"_blank\" rel=\"noopener\">\n\t\t\t\t\t\t<span class=\"elementor-button-content-wrapper\">\n\t\t\t\t\t\t<span class=\"elementor-button-icon\">\n\t\t\t\t<svg aria-hidden=\"true\" class=\"e-font-icon-svg e-fas-circle\" viewBox=\"0 0 512 512\" xmlns=\"http:\/\/www.w3.org\/2000\/svg\"><path d=\"M256 8C119 8 8 119 8 256s111 248 248 248 248-111 248-248S393 8 256 8z\"><\/path><\/svg>\t\t\t<\/span>\n\t\t\t\t\t\t\t\t\t<span class=\"elementor-button-text\">Voir plus de projets<\/span>\n\t\t\t\t\t<\/span>\n\t\t\t\t\t<\/a>\n\t\t\t\t<\/div>\n\t\t\t\t\t\t\t\t<\/div>\n\t\t\t\t<\/div>\n\t\t\t\t<\/div>\n\t\t\t\t\t<\/div>\n\t\t\t\t<\/div>\n\t\t\t\t<\/div>\n\t\t","protected":false},"excerpt":{"rendered":"<p>Nos projets Medusoil propose ses solutions de liants biomin\u00e9raux dans le cadre de diverses applications, notamment le renforcement des fondations, l&rsquo;am\u00e9lioration de la capacit\u00e9 portante et la r\u00e9sistance \u00e0 la liqu\u00e9faction, la fissuration par dessiccation des sols, la lutte contre l&rsquo;\u00e9rosion de surface (eau et poussi\u00e8re), la valorisation des d\u00e9chets et la stabilisation de l&rsquo;imperm\u00e9abilit\u00e9. [&hellip;]<\/p>\n","protected":false},"author":2,"featured_media":0,"parent":0,"menu_order":0,"comment_status":"closed","ping_status":"closed","template":"elementor_header_footer","meta":{"om_disable_all_campaigns":false,"inline_featured_image":false,"footnotes":""},"class_list":["post-5136","page","type-page","status-publish","hentry"],"_links":{"self":[{"href":"https:\/\/medusoil.com\/fr\/wp-json\/wp\/v2\/pages\/5136","targetHints":{"allow":["GET"]}}],"collection":[{"href":"https:\/\/medusoil.com\/fr\/wp-json\/wp\/v2\/pages"}],"about":[{"href":"https:\/\/medusoil.com\/fr\/wp-json\/wp\/v2\/types\/page"}],"author":[{"embeddable":true,"href":"https:\/\/medusoil.com\/fr\/wp-json\/wp\/v2\/users\/2"}],"replies":[{"embeddable":true,"href":"https:\/\/medusoil.com\/fr\/wp-json\/wp\/v2\/comments?post=5136"}],"version-history":[{"count":10,"href":"https:\/\/medusoil.com\/fr\/wp-json\/wp\/v2\/pages\/5136\/revisions"}],"predecessor-version":[{"id":9741,"href":"https:\/\/medusoil.com\/fr\/wp-json\/wp\/v2\/pages\/5136\/revisions\/9741"}],"wp:attachment":[{"href":"https:\/\/medusoil.com\/fr\/wp-json\/wp\/v2\/media?parent=5136"}],"curies":[{"name":"wp","href":"https:\/\/api.w.org\/{rel}","templated":true}]}}