{"id":8142,"date":"2025-10-22T11:29:06","date_gmt":"2025-10-22T09:29:06","guid":{"rendered":"https:\/\/medusoil.com\/carriere\/market-development-manager-medusoil\/"},"modified":"2026-04-17T08:26:39","modified_gmt":"2026-04-17T06:26:39","slug":"market-development-manager-medusoil","status":"publish","type":"page","link":"https:\/\/medusoil.com\/fr\/carriere\/market-development-manager-medusoil\/","title":{"rendered":"Market Development Manager &#8211; Medusoil"},"content":{"rendered":"\t\t<div data-elementor-type=\"wp-page\" data-elementor-id=\"8142\" class=\"elementor elementor-8142 elementor-8093\" data-elementor-post-type=\"page\">\n\t\t\t\t<div class=\"elementor-element elementor-element-2c07308 e-flex e-con-boxed e-con e-parent\" data-id=\"2c07308\" data-element_type=\"container\" data-e-type=\"container\">\n\t\t\t\t\t<div class=\"e-con-inner\">\n\t\t<div class=\"elementor-element elementor-element-be4f331 e-con-full e-flex e-con e-child\" data-id=\"be4f331\" data-element_type=\"container\" data-e-type=\"container\">\n\t\t\t\t<div class=\"elementor-element elementor-element-49a0222 elementor-view-default elementor-widget elementor-widget-icon\" data-id=\"49a0222\" data-element_type=\"widget\" data-e-type=\"widget\" data-widget_type=\"icon.default\">\n\t\t\t\t<div class=\"elementor-widget-container\">\n\t\t\t\t\t\t\t<div class=\"elementor-icon-wrapper\">\n\t\t\t<div class=\"elementor-icon\">\n\t\t\t<svg aria-hidden=\"true\" class=\"e-font-icon-svg e-fas-chevron-left\" viewBox=\"0 0 320 512\" xmlns=\"http:\/\/www.w3.org\/2000\/svg\"><path d=\"M34.52 239.03L228.87 44.69c9.37-9.37 24.57-9.37 33.94 0l22.67 22.67c9.36 9.36 9.37 24.52.04 33.9L131.49 256l154.02 154.75c9.34 9.38 9.32 24.54-.04 33.9l-22.67 22.67c-9.37 9.37-24.57 9.37-33.94 0L34.52 272.97c-9.37-9.37-9.37-24.57 0-33.94z\"><\/path><\/svg>\t\t\t<\/div>\n\t\t<\/div>\n\t\t\t\t\t\t<\/div>\n\t\t\t\t<\/div>\n\t\t\t\t<div class=\"elementor-element elementor-element-a301f8e elementor-widget elementor-widget-text-editor\" data-id=\"a301f8e\" data-element_type=\"widget\" data-e-type=\"widget\" data-widget_type=\"text-editor.default\">\n\t\t\t\t<div class=\"elementor-widget-container\">\n\t\t\t\t\t\t\t\t\t<p><a href=\"https:\/\/medusoil.com\/fr\/carriere\/\">Retour \u00e0 la page carri\u00e8re<\/a><\/p>\t\t\t\t\t\t\t\t<\/div>\n\t\t\t\t<\/div>\n\t\t\t\t<\/div>\n\t\t\t\t<div class=\"elementor-element elementor-element-156f995 elementor-widget elementor-widget-heading\" data-id=\"156f995\" data-element_type=\"widget\" data-e-type=\"widget\" data-widget_type=\"heading.default\">\n\t\t\t\t<div class=\"elementor-widget-container\">\n\t\t\t\t\t<h1 class=\"elementor-heading-title elementor-size-default\">D\u00e9veloppement du march\u00e9 - DACH &amp; Benelux | Mat\u00e9riaux pour les projets g\u00e9otechniques et les fondations sp\u00e9ciales<\/h1>\t\t\t\t<\/div>\n\t\t\t\t<\/div>\n\t\t\t\t<div class=\"elementor-element elementor-element-5419d0c elementor-widget elementor-widget-text-editor\" data-id=\"5419d0c\" data-element_type=\"widget\" data-e-type=\"widget\" data-widget_type=\"text-editor.default\">\n\t\t\t\t<div class=\"elementor-widget-container\">\n\t\t\t\t\t\t\t\t\t<section>\n  <p><em>Medusoil de Suisse : Mat\u00e9riaux liants innovants pour les projets g\u00e9otechniques, g\u00e9oenvironnementaux et les fondations sp\u00e9ciales<\/em><\/p>\n\n  <p>Medusoil se d\u00e9veloppe dans les r\u00e9gions DACH et Benelux et recherche un <strong>responsable du d\u00e9veloppement des march\u00e9s<\/strong> (\n ) pour stimuler la croissance sur les march\u00e9s techniques et r\u00e9glement\u00e9s.\n Ce mandat comprend un budget d\u00e9di\u00e9 \u00e0 l&#8217;embauche de coll\u00e8gues locaux dans le domaine du marketing ou de la gestion des contrats (\n ) afin de renforcer notre pr\u00e9sence r\u00e9gionale.<\/p>\n\n  <h3>Vos principales responsabilit\u00e9s<\/h3>\n  <ul>\n    <li>R\u00e9aliser une <strong>veille et une cartographie<\/strong> approfondies <strong>du march\u00e9<\/strong>, y compris des fournisseurs de syst\u00e8mes de forage et d&rsquo;injection, ainsi qu&rsquo;une analyse comparative de la concurrence.<\/li>\n    <li>S&rsquo;engager aupr\u00e8s des <strong>clients, des principaux leaders d&rsquo;opinion et des autorit\u00e9s locales<\/strong> charg\u00e9es de la protection de l&rsquo;environnement, des travaux publics et des appels d&rsquo;offres.<\/li>\n    <li>Soutenir les <strong>voies d&rsquo;approvisionnement et la cha\u00eene d&rsquo;approvisionnement<\/strong> afin de garantir la comp\u00e9titivit\u00e9 et la fiabilit\u00e9 de nos solutions de reliure.<\/li>\n    <li>Menez des <strong>r\u00e9unions orient\u00e9es vers le client<\/strong> avec agilit\u00e9 et en mettant l&rsquo;accent sur la valeur ajout\u00e9e.<\/li>\n    <li>G\u00e9rer les <strong>cadres juridiques et contractuels<\/strong> conform\u00e9ment aux exigences r\u00e9gionales.<\/li>\n    <li>Favoriser la <strong>constitution d&rsquo;une \u00e9quipe locale<\/strong>, en allouant des ressources et un budget pour le soutien \u00e0 la commercialisation et \u00e0 la gestion des contrats.<\/li>\n  <\/ul>\n\n  <h3>Ce que nous proposons<\/h3>\n  <ul>\n    <li>Une occasion de d\u00e9velopper les <strong>technologies de liants durables fabriqu\u00e9es en Suisse<\/strong>, qui ont fait leurs preuves dans des projets g\u00e9otechniques, g\u00e9oenvironnementaux et de fondations sp\u00e9ciales.<\/li>\n    <li>L&rsquo;opportunit\u00e9 de combiner <strong>prospective strat\u00e9gique et ex\u00e9cution op\u00e9rationnelle<\/strong> dans un environnement ax\u00e9 sur la croissance.<\/li>\n    <li>Collaboration avec une \u00e9quipe dynamique engag\u00e9e dans l&rsquo;innovation, la durabilit\u00e9 et l&rsquo;impact.<\/li>\n  <\/ul>\n\n  <p>Si vous \u00eates agile, ax\u00e9 sur le client et motiv\u00e9 pour fa\u00e7onner l&rsquo;avenir des mat\u00e9riaux durables dans le domaine de la g\u00e9otechnique, nous serions ravis d&rsquo;entendre parler de vous.<\/p>\n<\/section>\n\t\t\t\t\t\t\t\t<\/div>\n\t\t\t\t<\/div>\n\t\t<div class=\"elementor-element elementor-element-87804bb e-con-full e-flex e-con e-child\" data-id=\"87804bb\" data-element_type=\"container\" data-e-type=\"container\">\n\t\t<div class=\"elementor-element elementor-element-ad61f73 e-con-full e-flex e-con e-child\" data-id=\"ad61f73\" data-element_type=\"container\" data-e-type=\"container\">\n\t\t\t\t<div class=\"elementor-element elementor-element-52b09ef elementor-widget elementor-widget-heading\" data-id=\"52b09ef\" data-element_type=\"widget\" data-e-type=\"widget\" data-widget_type=\"heading.default\">\n\t\t\t\t<div class=\"elementor-widget-container\">\n\t\t\t\t\t<h2 class=\"elementor-heading-title elementor-size-default\">Vous \u00eates int\u00e9ress\u00e9 ?  <\/h2>\t\t\t\t<\/div>\n\t\t\t\t<\/div>\n\t\t\t\t<div class=\"elementor-element elementor-element-52f0535 elementor-widget elementor-widget-heading\" data-id=\"52f0535\" data-element_type=\"widget\" data-e-type=\"widget\" data-widget_type=\"heading.default\">\n\t\t\t\t<div class=\"elementor-widget-container\">\n\t\t\t\t\t<h2 class=\"elementor-heading-title elementor-size-default\">Rejoignez-nous en tant que sp\u00e9cialiste du d\u00e9veloppement des march\u00e9s<\/h2>\t\t\t\t<\/div>\n\t\t\t\t<\/div>\n\t\t\t\t<\/div>\n\t\t<div class=\"elementor-element elementor-element-1d87123 e-con-full e-flex e-con e-child\" data-id=\"1d87123\" data-element_type=\"container\" data-e-type=\"container\">\n\t\t\t\t<div class=\"elementor-element elementor-element-c2c4e91 elementor-button-align-center elementor-widget elementor-widget-form\" data-id=\"c2c4e91\" data-element_type=\"widget\" data-e-type=\"widget\" data-settings=\"{&quot;step_next_label&quot;:&quot;Suivant&quot;,&quot;step_previous_label&quot;:&quot;Pr\\u00e9c\\u00e9dent&quot;,&quot;button_width&quot;:&quot;100&quot;,&quot;step_type&quot;:&quot;number_text&quot;,&quot;step_icon_shape&quot;:&quot;circle&quot;}\" data-widget_type=\"form.default\">\n\t\t\t\t<div class=\"elementor-widget-container\">\n\t\t\t\t\t\t\t<form class=\"elementor-form\" method=\"post\" name=\"Market Development Specialist\">\n\t\t\t<input type=\"hidden\" name=\"post_id\" value=\"8142\"\/>\n\t\t\t<input type=\"hidden\" name=\"form_id\" value=\"c2c4e91\"\/>\n\t\t\t<input type=\"hidden\" name=\"referer_title\" value=\"\" \/>\n\n\t\t\t\n\t\t\t<div class=\"elementor-form-fields-wrapper elementor-labels-above\">\n\t\t\t\t\t\t\t\t<div class=\"elementor-field-type-text elementor-field-group elementor-column elementor-field-group-field_a6f592a elementor-col-100\">\n\t\t\t\t\t\t\t\t\t\t\t\t<label for=\"form-field-field_a6f592a\" class=\"elementor-field-label\">\n\t\t\t\t\t\t\t\tPr\u00e9nom\t\t\t\t\t\t\t<\/label>\n\t\t\t\t\t\t\t\t\t\t\t\t\t\t<input size=\"1\" type=\"text\" name=\"form_fields[field_a6f592a]\" id=\"form-field-field_a6f592a\" class=\"elementor-field elementor-size-sm  elementor-field-textual\" placeholder=\"Pr\u00e9nom\">\n\t\t\t\t\t\t\t\t\t\t\t<\/div>\n\t\t\t\t\t\t\t\t<div class=\"elementor-field-type-text elementor-field-group elementor-column elementor-field-group-name elementor-col-100 elementor-field-required\">\n\t\t\t\t\t\t\t\t\t\t\t\t<label for=\"form-field-name\" class=\"elementor-field-label\">\n\t\t\t\t\t\t\t\tNom de famille\t\t\t\t\t\t\t<\/label>\n\t\t\t\t\t\t\t\t\t\t\t\t\t\t<input size=\"1\" type=\"text\" name=\"form_fields[name]\" id=\"form-field-name\" class=\"elementor-field elementor-size-sm  elementor-field-textual\" placeholder=\"Nom de famille\" required=\"required\" aria-required=\"true\">\n\t\t\t\t\t\t\t\t\t\t\t<\/div>\n\t\t\t\t\t\t\t\t<div class=\"elementor-field-type-email elementor-field-group elementor-column elementor-field-group-email elementor-col-100 elementor-field-required\">\n\t\t\t\t\t\t\t\t\t\t\t\t<label for=\"form-field-email\" class=\"elementor-field-label\">\n\t\t\t\t\t\t\t\tAdresse \u00e9lectronique\t\t\t\t\t\t\t<\/label>\n\t\t\t\t\t\t\t\t\t\t\t\t\t\t<input size=\"1\" type=\"email\" name=\"form_fields[email]\" id=\"form-field-email\" class=\"elementor-field elementor-size-sm  elementor-field-textual\" placeholder=\"Adresse \u00e9lectronique\" required=\"required\" aria-required=\"true\">\n\t\t\t\t\t\t\t\t\t\t\t<\/div>\n\t\t\t\t\t\t\t\t<div class=\"elementor-field-type-tel elementor-field-group elementor-column elementor-field-group-field_481896e elementor-col-100\">\n\t\t\t\t\t\t\t\t\t\t\t\t<label for=\"form-field-field_481896e\" class=\"elementor-field-label\">\n\t\t\t\t\t\t\t\tT\u00e9l\u00e9phone\t\t\t\t\t\t\t<\/label>\n\t\t\t\t\t\t\t\t<input size=\"1\" type=\"tel\" name=\"form_fields[field_481896e]\" id=\"form-field-field_481896e\" class=\"elementor-field elementor-size-sm  elementor-field-textual\" placeholder=\"T\u00e9l\u00e9phone\" pattern=\"[0-9()#&amp;+*-=.]+\" title=\"Seuls les caract\u00e8res de num\u00e9ros de t\u00e9l\u00e9phone (#, -, *, etc.) sont accept\u00e9s.\">\n\n\t\t\t\t\t\t<\/div>\n\t\t\t\t\t\t\t\t<div class=\"elementor-field-type-upload elementor-field-group elementor-column elementor-field-group-field_2071fad elementor-col-100 elementor-field-required\">\n\t\t\t\t\t\t\t\t\t\t\t\t<label for=\"form-field-field_2071fad\" class=\"elementor-field-label\">\n\t\t\t\t\t\t\t\tCV\t\t\t\t\t\t\t<\/label>\n\t\t\t\t\t\t\t\t<input type=\"file\" name=\"form_fields[field_2071fad][]\" id=\"form-field-field_2071fad\" class=\"elementor-field elementor-size-sm  elementor-upload-field\" required=\"required\" aria-required=\"true\" multiple=\"multiple\">\n\n\t\t\t\t\t\t<\/div>\n\t\t\t\t\t\t\t\t<div class=\"elementor-field-group elementor-column elementor-field-type-submit elementor-col-100 e-form__buttons\">\n\t\t\t\t\t<button class=\"elementor-button elementor-size-sm\" type=\"submit\">\n\t\t\t\t\t\t<span class=\"elementor-button-content-wrapper\">\n\t\t\t\t\t\t\t\t\t\t\t\t\t\t\t\t\t\t\t\t\t\t<span class=\"elementor-button-text\">Envoyer<\/span>\n\t\t\t\t\t\t\t\t\t\t\t\t\t<\/span>\n\t\t\t\t\t<\/button>\n\t\t\t\t<\/div>\n\t\t\t<\/div>\n\t\t<\/form>\n\t\t\t\t\t\t<\/div>\n\t\t\t\t<\/div>\n\t\t\t\t<\/div>\n\t\t\t\t<\/div>\n\t\t\t\t\t<\/div>\n\t\t\t\t<\/div>\n\t\t\t\t<\/div>\n\t\t","protected":false},"excerpt":{"rendered":"<p>Retour \u00e0 la page carri\u00e8re D\u00e9veloppement du march\u00e9 &#8211; DACH &amp; Benelux | Mat\u00e9riaux pour les projets g\u00e9otechniques et les fondations sp\u00e9ciales Medusoil de Suisse : Mat\u00e9riaux liants innovants pour les projets g\u00e9otechniques, g\u00e9oenvironnementaux et les fondations sp\u00e9ciales Medusoil se d\u00e9veloppe dans les r\u00e9gions DACH et Benelux et recherche un responsable du d\u00e9veloppement des march\u00e9s [&hellip;]<\/p>\n","protected":false},"author":5,"featured_media":0,"parent":5128,"menu_order":0,"comment_status":"closed","ping_status":"closed","template":"","meta":{"om_disable_all_campaigns":false,"inline_featured_image":false,"footnotes":""},"class_list":["post-8142","page","type-page","status-publish","hentry"],"_links":{"self":[{"href":"https:\/\/medusoil.com\/fr\/wp-json\/wp\/v2\/pages\/8142","targetHints":{"allow":["GET"]}}],"collection":[{"href":"https:\/\/medusoil.com\/fr\/wp-json\/wp\/v2\/pages"}],"about":[{"href":"https:\/\/medusoil.com\/fr\/wp-json\/wp\/v2\/types\/page"}],"author":[{"embeddable":true,"href":"https:\/\/medusoil.com\/fr\/wp-json\/wp\/v2\/users\/5"}],"replies":[{"embeddable":true,"href":"https:\/\/medusoil.com\/fr\/wp-json\/wp\/v2\/comments?post=8142"}],"version-history":[{"count":2,"href":"https:\/\/medusoil.com\/fr\/wp-json\/wp\/v2\/pages\/8142\/revisions"}],"predecessor-version":[{"id":8161,"href":"https:\/\/medusoil.com\/fr\/wp-json\/wp\/v2\/pages\/8142\/revisions\/8161"}],"up":[{"embeddable":true,"href":"https:\/\/medusoil.com\/fr\/wp-json\/wp\/v2\/pages\/5128"}],"wp:attachment":[{"href":"https:\/\/medusoil.com\/fr\/wp-json\/wp\/v2\/media?parent=8142"}],"curies":[{"name":"wp","href":"https:\/\/api.w.org\/{rel}","templated":true}]}}